{"id":736,"date":"2014-05-17T18:35:28","date_gmt":"2014-05-17T16:35:28","guid":{"rendered":"http:\/\/usvhofamtpriel.at\/?page_id=736"},"modified":"2016-04-10T20:29:07","modified_gmt":"2016-04-10T18:29:07","slug":"fussballanlage","status":"publish","type":"page","link":"http:\/\/usvhofamtpriel.at\/?page_id=736","title":{"rendered":"Fu\u00dfballanlage"},"content":{"rendered":"<p><a href=\"http:\/\/usvhofamtpriel.at\/wp-content\/uploads\/2014\/04\/Sportanlage-1-komp.jpg\"><img decoding=\"async\" loading=\"lazy\" class=\"wp-image-141\" src=\"http:\/\/usvhofamtpriel.at\/wp-content\/uploads\/2014\/04\/Sportanlage-1-komp.jpg\" alt=\"Sportanlage 1 komp\" srcset=\"http:\/\/usvhofamtpriel.at\/wp-content\/uploads\/2014\/04\/Sportanlage-1-komp-300x200.jpg 300w, http:\/\/usvhofamtpriel.at\/wp-content\/uploads\/2014\/04\/Sportanlage-1-komp-1024x683.jpg 1024w, http:\/\/usvhofamtpriel.at\/wp-content\/uploads\/2014\/04\/Sportanlage-1-komp-150x100.jpg 150w, http:\/\/usvhofamtpriel.at\/wp-content\/uploads\/2014\/04\/Sportanlage-1-komp.jpg 1386w\" sizes=\"(max-width: 300px) 100vw, 300px\" height=\"200\" width=\"300\"><\/a><\/p>\n<p class=\"wp-caption-text\">Fu\u00dfballanlage<\/p>\n<p>In den Jahren 2009 und 2010 wurde unser &#8211; mittlerweile in die Jahre gekommener &#8211; Fu\u00dfballplatz generalsaniert. Im Zuge dieser Umbauarbeiten wurde eine vollautomatische <strong>Bew\u00e4sserungsanlage<\/strong> mit Zisterne errichtet, das gesamte Spielfeld neu angelegt sowie neu umz\u00e4unt. Dar\u00fcber hinaus wurde eine <strong>Zuschauertrib\u00fcne<\/strong> mit eigenem kleinem Ausschankbereich erbaut. Au\u00dferdem verf\u00fcgt unser Platz \u00fcber <strong>6 Flutlichtmasten<\/strong>. F\u00fcr die Pflege unseres Rasens sorgt seit 2013 zu dem ein <strong>Rasenm\u00e4herroboter<\/strong>.<\/p>\n<p class=\"mceTemp\">Das n\u00e4chste gro\u00dfe Bauprojekt startete im Jahr 2011. Gemeinsam mit der Sektion Stocksport wurde der Bau der Stocksport- und Veranstaltungshalle begonnen. Gleichzeitig wurden unsere <strong>neuen Kabinen<\/strong> errichtet und unser <strong>Club-Raum<\/strong> erneuert.<\/p>\n<p>Im Fr\u00fchjahr 2014 wurde weiters die Vergr\u00f6\u00dferung des bisherigen Parkplatzes in Angriff genommen, um bei gr\u00f6\u00dferen Veranstaltungen gen\u00fcgend <strong>Parkm\u00f6glichkeiten<\/strong> zur Verf\u00fcgung zu haben.<\/p>\n<p>Wir sind besonders stolz auf unsere moderne Fu\u00dfballanlage. Ein gro\u00dfer Dank gilt hier den&nbsp;zahlreichen freiwilligen Helfern!<\/p>\n<p><img decoding=\"async\" class=\"ngg_displayed_gallery mceItem\" src=\"http:\/\/usvhofamtpriel.at\/index.php\/nextgen-attach_to_post\/preview\/id--943\" alt=\"\"><\/p>\n<p>&nbsp;<\/p>\n<p>&nbsp;<\/p>\n<p>&nbsp;<\/p>\n","protected":false},"excerpt":{"rendered":"<p>Fu\u00dfballanlage In den Jahren 2009 und 2010 wurde unser &#8211; mittlerweile in die Jahre gekommener &#8211; Fu\u00dfballplatz generalsaniert. Im Zuge dieser Umbauarbeiten wurde eine vollautomatische Bew\u00e4sserungsanlage mit Zisterne errichtet, das gesamte Spielfeld neu angelegt sowie neu umz\u00e4unt. Dar\u00fcber hinaus wurde eine Zuschauertrib\u00fcne mit eigenem kleinem Ausschankbereich erbaut. Au\u00dferdem verf\u00fcgt unser\u2026<\/p>\n<p class=\"continue-reading-button\"> <a class=\"continue-reading-link\" href=\"http:\/\/usvhofamtpriel.at\/?page_id=736\">mehr<i class=\"crycon-right-dir\"><\/i><\/a><\/p>\n","protected":false},"author":1,"featured_media":0,"parent":21,"menu_order":0,"comment_status":"closed","ping_status":"closed","template":"","meta":[],"_links":{"self":[{"href":"http:\/\/usvhofamtpriel.at\/index.php?rest_route=\/wp\/v2\/pages\/736"}],"collection":[{"href":"http:\/\/usvhofamtpriel.at\/index.php?rest_route=\/wp\/v2\/pages"}],"about":[{"href":"http:\/\/usvhofamtpriel.at\/index.php?rest_route=\/wp\/v2\/types\/page"}],"author":[{"embeddable":true,"href":"http:\/\/usvhofamtpriel.at\/index.php?rest_route=\/wp\/v2\/users\/1"}],"replies":[{"embeddable":true,"href":"http:\/\/usvhofamtpriel.at\/index.php?rest_route=%2Fwp%2Fv2%2Fcomments&post=736"}],"version-history":[{"count":27,"href":"http:\/\/usvhofamtpriel.at\/index.php?rest_route=\/wp\/v2\/pages\/736\/revisions"}],"predecessor-version":[{"id":3851,"href":"http:\/\/usvhofamtpriel.at\/index.php?rest_route=\/wp\/v2\/pages\/736\/revisions\/3851"}],"up":[{"embeddable":true,"href":"http:\/\/usvhofamtpriel.at\/index.php?rest_route=\/wp\/v2\/pages\/21"}],"wp:attachment":[{"href":"http:\/\/usvhofamtpriel.at\/index.php?rest_route=%2Fwp%2Fv2%2Fmedia&parent=736"}],"curies":[{"name":"wp","href":"https:\/\/api.w.org\/{rel}","templated":true}]}}