{"id":621,"date":"2014-05-15T19:08:29","date_gmt":"2014-05-15T17:08:29","guid":{"rendered":"http:\/\/usvhofamtpriel.at\/?page_id=621"},"modified":"2025-03-14T14:49:16","modified_gmt":"2025-03-14T12:49:16","slug":"vereinsgeschichte","status":"publish","type":"page","link":"http:\/\/usvhofamtpriel.at\/?page_id=621","title":{"rendered":"Vereinsgeschichte"},"content":{"rendered":"<p>Im Jahr 1981 fand bereits die erste Sitzung des USV statt und der Bau einer Sportanlage in Rottenberg wurde beschlossen und begonnen. Im Jahr 1988 wurde dann der Verein offiziell begr\u00fcndet und unter Obmann Josef Baumberger stetig ausgebaut.<\/p>\n<p>Der Beachvolleyballverein in Hofamt Priel\u00a0besteht seit 2004 und ist eine von vier Sektionen des Union Sportvereins Hofamt Priel.<\/p>\n<p>Die Sektion Beachvolleyball hat im kleinen Rahmen mit ein paar sportbegeisterten Jugendlichen angefangen.<br \/>\nMittlerweile z\u00e4hlen wir\u00a050 Mitglieder.<\/p>\n<p>In den vergangenen Jahren wurde mit Hilfe von vielen flei\u00dfigen H\u00e4nden der Mitglieder der Platz und das dazugeh\u00f6rende Vereinshaus errichtet.<\/p>\n<p>Wir sind stolz auf das Ergebnis unserer Arbeit und freuen uns eine sch\u00f6ne Beachvolleyballanlage anbieten und nutzen zu k\u00f6nnen.<\/p>\n","protected":false},"excerpt":{"rendered":"<p>Im Jahr 1981 fand bereits die erste Sitzung des USV statt und der Bau einer Sportanlage in Rottenberg wurde beschlossen und begonnen. Im Jahr 1988 wurde dann der Verein offiziell begr\u00fcndet und unter Obmann Josef Baumberger stetig ausgebaut. Der Beachvolleyballverein in Hofamt Priel\u00a0besteht seit 2004 und ist eine von vier\u2026<\/p>\n<p class=\"continue-reading-button\"> <a class=\"continue-reading-link\" href=\"http:\/\/usvhofamtpriel.at\/?page_id=621\">mehr<i class=\"crycon-right-dir\"><\/i><\/a><\/p>\n","protected":false},"author":4,"featured_media":0,"parent":19,"menu_order":0,"comment_status":"open","ping_status":"open","template":"","meta":[],"_links":{"self":[{"href":"http:\/\/usvhofamtpriel.at\/index.php?rest_route=\/wp\/v2\/pages\/621"}],"collection":[{"href":"http:\/\/usvhofamtpriel.at\/index.php?rest_route=\/wp\/v2\/pages"}],"about":[{"href":"http:\/\/usvhofamtpriel.at\/index.php?rest_route=\/wp\/v2\/types\/page"}],"author":[{"embeddable":true,"href":"http:\/\/usvhofamtpriel.at\/index.php?rest_route=\/wp\/v2\/users\/4"}],"replies":[{"embeddable":true,"href":"http:\/\/usvhofamtpriel.at\/index.php?rest_route=%2Fwp%2Fv2%2Fcomments&post=621"}],"version-history":[{"count":9,"href":"http:\/\/usvhofamtpriel.at\/index.php?rest_route=\/wp\/v2\/pages\/621\/revisions"}],"predecessor-version":[{"id":5650,"href":"http:\/\/usvhofamtpriel.at\/index.php?rest_route=\/wp\/v2\/pages\/621\/revisions\/5650"}],"up":[{"embeddable":true,"href":"http:\/\/usvhofamtpriel.at\/index.php?rest_route=\/wp\/v2\/pages\/19"}],"wp:attachment":[{"href":"http:\/\/usvhofamtpriel.at\/index.php?rest_route=%2Fwp%2Fv2%2Fmedia&parent=621"}],"curies":[{"name":"wp","href":"https:\/\/api.w.org\/{rel}","templated":true}]}}