{"id":581,"date":"2014-05-14T18:41:15","date_gmt":"2014-05-14T16:41:15","guid":{"rendered":"http:\/\/usvhofamtpriel.at\/?page_id=581"},"modified":"2016-04-10T20:14:19","modified_gmt":"2016-04-10T18:14:19","slug":"anlage","status":"publish","type":"page","link":"http:\/\/usvhofamtpriel.at\/?page_id=581","title":{"rendered":"Beachvolleyballanlage"},"content":{"rendered":"<p>Unsere\u00a0Beachvolleyballanlage besteht aus 2 regelkonformen Spielpl\u00e4tzen und der entsprechenden Ausstattung (Linien, Netze, Antennen, Schiedsrichterst\u00fchle). Die Spielfelder sind mit gro\u00dfz\u00fcgigem Platzangebot rundherum angelegt.<\/p>\n<div id=\"attachment_579\" style=\"width: 310px\" class=\"wp-caption alignnone\"><a href=\"http:\/\/usvhofamtpriel.at\/wp-content\/uploads\/2014\/05\/IMG_0044.jpg\"><img aria-describedby=\"caption-attachment-579\" decoding=\"async\" loading=\"lazy\" class=\"wp-image-579 size-medium\" src=\"http:\/\/usvhofamtpriel.at\/wp-content\/uploads\/2014\/05\/IMG_0044-300x225.jpg\" sizes=\"(max-width: 300px) 100vw, 300px\" srcset=\"http:\/\/usvhofamtpriel.at\/wp-content\/uploads\/2014\/05\/IMG_0044-300x225.jpg 300w, http:\/\/usvhofamtpriel.at\/wp-content\/uploads\/2014\/05\/IMG_0044-1024x768.jpg 1024w, http:\/\/usvhofamtpriel.at\/wp-content\/uploads\/2014\/05\/IMG_0044-200x150.jpg 200w\" alt=\"\" width=\"300\" height=\"225\" \/><\/a><p id=\"caption-attachment-579\" class=\"wp-caption-text\">Beachvolleyballanlage in Hofamt Priel<\/p><\/div>\n<p>Ein St\u00fcck Liegewiese neben dem Sandplatz bietet den Sonnenanbetern unter den Spielern und Zuschauern die M\u00f6glichkeit die Spiele zu verfolgen und zu relaxen.<\/p>\n<p>Das Vereinslokal bietet einen Aufenthaltsraum inklusive K\u00fcche und Ausschank. Es gibt Umkleiden f\u00fcr Damen und Herren, die jeweils mit Dusche und Waschbecken ausgestattet sind.<\/p>\n<p>Au\u00dferdem besteht die M\u00f6glichkeit sich zwischen den Spielen mit einer kurzen Dusche (auch Warmwasser)\u00a0im Freien zu erfrischen. Nat\u00fcrlich sind auch die n\u00f6tigen WCs vorhanden.<\/p>\n<p>Vor dem Vereinshaus wurde der Platz gepflastert und ein \u00fcberdachter Au\u00dfenbereich geschaffen, welcher\u00a0somit\u00a0sonnen- und wettergesch\u00fctzte Sitzm\u00f6glichkeiten bietet.<\/p>\n<p><img decoding=\"async\" class=\"ngg_displayed_gallery mceItem\" src=\"http:\/\/usvhofamtpriel.at\/index.php\/nextgen-attach_to_post\/preview\/id--661\" alt=\"\" \/><\/p>\n","protected":false},"excerpt":{"rendered":"<p>Unsere\u00a0Beachvolleyballanlage besteht aus 2 regelkonformen Spielpl\u00e4tzen und der entsprechenden Ausstattung (Linien, Netze, Antennen, Schiedsrichterst\u00fchle). Die Spielfelder sind mit gro\u00dfz\u00fcgigem Platzangebot rundherum angelegt. Ein St\u00fcck Liegewiese neben dem Sandplatz bietet den Sonnenanbetern unter den Spielern und Zuschauern die M\u00f6glichkeit die Spiele zu verfolgen und zu relaxen. Das Vereinslokal bietet einen Aufenthaltsraum\u2026<\/p>\n<p class=\"continue-reading-button\"> <a class=\"continue-reading-link\" href=\"http:\/\/usvhofamtpriel.at\/?page_id=581\">mehr<i class=\"crycon-right-dir\"><\/i><\/a><\/p>\n","protected":false},"author":4,"featured_media":0,"parent":19,"menu_order":0,"comment_status":"open","ping_status":"open","template":"","meta":[],"_links":{"self":[{"href":"http:\/\/usvhofamtpriel.at\/index.php?rest_route=\/wp\/v2\/pages\/581"}],"collection":[{"href":"http:\/\/usvhofamtpriel.at\/index.php?rest_route=\/wp\/v2\/pages"}],"about":[{"href":"http:\/\/usvhofamtpriel.at\/index.php?rest_route=\/wp\/v2\/types\/page"}],"author":[{"embeddable":true,"href":"http:\/\/usvhofamtpriel.at\/index.php?rest_route=\/wp\/v2\/users\/4"}],"replies":[{"embeddable":true,"href":"http:\/\/usvhofamtpriel.at\/index.php?rest_route=%2Fwp%2Fv2%2Fcomments&post=581"}],"version-history":[{"count":20,"href":"http:\/\/usvhofamtpriel.at\/index.php?rest_route=\/wp\/v2\/pages\/581\/revisions"}],"predecessor-version":[{"id":3818,"href":"http:\/\/usvhofamtpriel.at\/index.php?rest_route=\/wp\/v2\/pages\/581\/revisions\/3818"}],"up":[{"embeddable":true,"href":"http:\/\/usvhofamtpriel.at\/index.php?rest_route=\/wp\/v2\/pages\/19"}],"wp:attachment":[{"href":"http:\/\/usvhofamtpriel.at\/index.php?rest_route=%2Fwp%2Fv2%2Fmedia&parent=581"}],"curies":[{"name":"wp","href":"https:\/\/api.w.org\/{rel}","templated":true}]}}