{"id":5326,"date":"2018-04-19T14:41:54","date_gmt":"2018-04-19T12:41:54","guid":{"rendered":"http:\/\/usvhofamtpriel.at\/?page_id=5326"},"modified":"2018-09-08T14:38:32","modified_gmt":"2018-09-08T12:38:32","slug":"sportfest-2018","status":"publish","type":"page","link":"http:\/\/usvhofamtpriel.at\/?page_id=5326","title":{"rendered":"Sportfest 2018 und OFFSIDE PARTY"},"content":{"rendered":"<p><span lang=\"DE\">Von Freitag, 20. Juli, bis Sonntag, 22. Juli, ging das diesj\u00e4hrige Sportfest &#8211; heuer mit neuem Konzept.<\/span><\/p>\n<div class=\"entry-content\">\n<p><span lang=\"DE\">Los ging\u2019s am Freitag bereits um 17.00 Uhr mit dem allj\u00e4hrlichen Kleinfeldturnier. <\/span><span lang=\"DE\">12 Mannschaften k\u00e4mpften in Gruppen- und Finalspielen um den Titel. Als Sieger ging heuer der \u00d6AAB Hofamt Priel vom Platz.<\/span><\/p>\n<p><span lang=\"DE\">Die weiteren R\u00e4nge:<\/span><\/p>\n<div id=\"attachment_5461\" style=\"width: 510px\" class=\"wp-caption alignright\"><a href=\"http:\/\/usvhofamtpriel.at\/wp-content\/uploads\/2018\/09\/IMG_20180720_215042.jpg\"><img aria-describedby=\"caption-attachment-5461\" decoding=\"async\" loading=\"lazy\" width=\"500\" height=\"375\" class=\"wp-image-5461\" alt=\"\" src=\"http:\/\/usvhofamtpriel.at\/wp-content\/uploads\/2018\/09\/IMG_20180720_215042-300x225.jpg\" srcset=\"http:\/\/usvhofamtpriel.at\/wp-content\/uploads\/2018\/09\/IMG_20180720_215042-300x225.jpg 300w, http:\/\/usvhofamtpriel.at\/wp-content\/uploads\/2018\/09\/IMG_20180720_215042-768x576.jpg 768w, http:\/\/usvhofamtpriel.at\/wp-content\/uploads\/2018\/09\/IMG_20180720_215042-1024x768.jpg 1024w, http:\/\/usvhofamtpriel.at\/wp-content\/uploads\/2018\/09\/IMG_20180720_215042-150x113.jpg 150w, http:\/\/usvhofamtpriel.at\/wp-content\/uploads\/2018\/09\/IMG_20180720_215042-1150x863.jpg 1150w\" sizes=\"(max-width: 500px) 100vw, 500px\" \/><\/a><p id=\"caption-attachment-5461\" class=\"wp-caption-text\">1. Platz beim Kleinfeldturnier 2018: \u00d6AAB Hofamt Priel<\/p><\/div>\n<p>2. Senioren Gottsdorf<br \/>\n3. SP\u00d6 Hofamt Priel<br \/>\n4. Schnapskompanie<br \/>\n5. Union Dorfstetten<br \/>\n6. Firma Slawitscheck<br \/>\n7. Feuerwehr Weins<br \/>\n8. SP\u00d6 Persenbeug<br \/>\n9. Stern des S\u00fcdens<br \/>\n10. FP\u00d6 Hofamt Priel<br \/>\n11. Landjugend Yspertal<br \/>\n12. Firma Z&amp;K<\/p>\n<p><span lang=\"DE\">Nach der Siegerehrung folgte die neu ins Sportfest-Programm aufgenommene OFFSIDE PARTY. Den Beginn machte unser Warm-Up-DJ &#8222;Mike S&#8220;, den Hauptact gestaltete der DJ &#8222;Late Guest&#8220;. Unseren jungen G\u00e4sten pr\u00e4sentierte sich die Stocksport- und Veranstaltungshalle in neuem Glanz mit einer gro\u00dfen Tanzfl\u00e4che sowie einer Schnaps- und Bottlebar.&nbsp;<\/span><\/p>\n<p>Am Samstag wurden um 18.00 Uhr die Pforten f\u00fcr alle hungrigen G\u00e4ste ge\u00f6ffnet &#8211; angeboten wurde k\u00f6stliches Spanferkel. <span lang=\"DE\">Darauf folgte das \u2013 mittlerweile zum Fixpunkt beim Festprogramm des USV Hofamt Priel gewordene \u2013 Derby zwischen SV Gottsdorf Marbach Persenbeug und ASK Ybbs. Dieses endete mit einem 1:2 Erfolg der Ybbser.<\/span><\/p>\n<p><span lang=\"DE\">Im Anschluss an das Fu\u00dfballmatch folgte um 21:00 Uhr die offizielle Er\u00f6ffnung durch den Obmann des USV Lukas Bachinger. Unterhalten wurden unsere G\u00e4ste heuer erstmals von der Band \u201eDie Elchos\u201c.<\/span><\/p>\n<p><span lang=\"DE\">Der Sonntag begann schlie\u00dflich um 09:00 Uhr mit der Festmesse, zelebriert von Herrn Pfarrer Mag. Jan Skryzpek. Musikalisch gestaltet wurde die Messe heuer wieder vom Rottenberger Chor unter der Leitung von Sonja Schachenhofer.<\/span><\/p>\n<p><span lang=\"DE\">Anschlie\u00dfend an die Festmesse folgte der obligatorische Fr\u00fchschoppen, wo heuer bereits das dritte Mal \u201eDie Weinser Teufel\u201c aufspielten. Die beiden Koch-Br\u00fcder brachten nochmals richtig Stimmung in die Halle und sorgten so f\u00fcr einen grandiosen Abschluss des heurigen Sportfestes.<\/span><\/p>\n<p>[ngg_images source=&#8220;galleries&#8220; container_ids=&#8220;32&#8243; display_type=&#8220;photocrati-nextgen_basic_thumbnails&#8220; override_thumbnail_settings=&#8220;0&#8243; thumbnail_width=&#8220;120&#8243; thumbnail_height=&#8220;90&#8243; thumbnail_crop=&#8220;1&#8243; images_per_page=&#8220;20&#8243; number_of_columns=&#8220;0&#8243; ajax_pagination=&#8220;0&#8243; show_all_in_lightbox=&#8220;0&#8243; use_imagebrowser_effect=&#8220;0&#8243; show_slideshow_link=&#8220;1&#8243; slideshow_link_text=&#8220;[Zeige eine Slideshow]&#8220; order_by=&#8220;sortorder&#8220; order_direction=&#8220;ASC&#8220; returns=&#8220;included&#8220; maximum_entity_count=&#8220;500&#8243;]<\/p>\n<\/div>\n<hr>\n<h2>&nbsp;<\/h2>\n<h2>P R O G R A M M<\/h2>\n<h2><span style=\"display: inline !important; float: none; background-color: transparent; color: #444444; cursor: text; font-family: Georgia,'Bitstream Charter',serif; font-size: 15px; font-style: normal; font-variant: normal; font-weight: 400; letter-spacing: normal; line-height: 22.5px; orphans: 2; text-align: left; text-decoration: none; text-indent: 0px; text-transform: none; -webkit-text-stroke-width: 0px; white-space: normal; word-spacing: 0px;\">__________________________<\/span><\/h2>\n<h3>Freitag, 20. Juli 2018<\/h3>\n<p>&nbsp;<\/p>\n<h3><a href=\"http:\/\/usvhofamtpriel.at\/?page_id=5345\"><img decoding=\"async\" loading=\"lazy\" width=\"300\" height=\"157\" class=\"alignright wp-image-5340 size-medium\" alt=\"\" src=\"http:\/\/usvhofamtpriel.at\/wp-content\/uploads\/2018\/04\/Banner-Offside-Party-300x157.jpg\" srcset=\"http:\/\/usvhofamtpriel.at\/wp-content\/uploads\/2018\/04\/Banner-Offside-Party-300x157.jpg 300w, http:\/\/usvhofamtpriel.at\/wp-content\/uploads\/2018\/04\/Banner-Offside-Party-768x402.jpg 768w, http:\/\/usvhofamtpriel.at\/wp-content\/uploads\/2018\/04\/Banner-Offside-Party-1024x536.jpg 1024w, http:\/\/usvhofamtpriel.at\/wp-content\/uploads\/2018\/04\/Banner-Offside-Party-150x79.jpg 150w, http:\/\/usvhofamtpriel.at\/wp-content\/uploads\/2018\/04\/Banner-Offside-Party-1150x602.jpg 1150w, http:\/\/usvhofamtpriel.at\/wp-content\/uploads\/2018\/04\/Banner-Offside-Party.jpg 2048w\" sizes=\"(max-width: 300px) 100vw, 300px\" \/><\/a><\/h3>\n<p><strong>17:00 Uhr<\/strong> &nbsp; Kleinfeldturnier<br \/>\n<a href=\"http:\/\/usvhofamtpriel.at\/wp-content\/uploads\/2018\/04\/Einladung-Turnier-Sportfest-2018.pdf\">Hier findest du die genauen Teilnahmebedingungen und Infos zur Anmeldung.<\/a><\/p>\n<p><strong>21:00 Uhr &nbsp; <span style=\"color: #000000;\"><a style=\"color: #000000;\" href=\"http:\/\/usvhofamtpriel.at\/?page_id=5345\">OFFSIDE PARTY<\/a><\/span><\/strong><br \/>\n<a href=\"https:\/\/www.facebook.com\/events\/701906846865009\/\">https:\/\/www.facebook.com\/events\/701906846865009\/<\/a><\/p>\n<p>Eintritt ab 21:00 Uhr, \u20ac 5,\u2013<\/p>\n<p>__________________________<\/p>\n<h3><a href=\"http:\/\/usvhofamtpriel.at\/wp-content\/uploads\/2018\/04\/Sportfest-Plakat-2018.png\"><img decoding=\"async\" loading=\"lazy\" width=\"300\" height=\"421\" class=\"alignright wp-image-5371\" alt=\"\" src=\"http:\/\/usvhofamtpriel.at\/wp-content\/uploads\/2018\/04\/Sportfest-Plakat-2018-214x300.png\" srcset=\"http:\/\/usvhofamtpriel.at\/wp-content\/uploads\/2018\/04\/Sportfest-Plakat-2018-214x300.png 214w, http:\/\/usvhofamtpriel.at\/wp-content\/uploads\/2018\/04\/Sportfest-Plakat-2018-107x150.png 107w, http:\/\/usvhofamtpriel.at\/wp-content\/uploads\/2018\/04\/Sportfest-Plakat-2018.png 633w\" sizes=\"(max-width: 300px) 100vw, 300px\" \/><\/a><\/h3>\n<h3>Samstag, 21. Juli 2018<\/h3>\n<p>&nbsp;<\/p>\n<p><strong>18:00 Uhr <\/strong>&nbsp; Spanferkel<\/p>\n<p><strong>19:00 Uhr &nbsp;<\/strong> SV Gottsdorf Marbach Persenbeug &#8211; ASK Bau P\u00f6chhacker Ybbs<\/p>\n<p><strong>21:00 Uhr<\/strong> &nbsp; Tanzmusik mit <strong>ELCHOS<\/strong><b><\/b><\/p>\n<p>Eintritt ab 20:00 Uhr, \u20ac 6,\u2013<\/p>\n<p>______________________<\/p>\n<h3><span style=\"color: #000000;\">Freitag und Samstag<\/span><\/h3>\n<p>\u20ac 2,<span style=\"display: inline !important; float: none; background-color: transparent; color: #444444; cursor: text; font-family: Georgia,'Bitstream Charter',serif; font-size: 15px; font-style: normal; font-variant: normal; font-weight: 400; letter-spacing: normal; line-height: 22.5px; orphans: 2; text-align: left; text-decoration: none; text-indent: 0px; text-transform: none; -webkit-text-stroke-width: 0px; white-space: normal; word-spacing: 0px;\">\u2013<\/span> SHUTTLESERVICE (ab 01:00 Uhr im Umkreis von 12 km)<\/p>\n<p>______________________<\/p>\n<h3>Sonntag, 22. Juli 2018<\/h3>\n<p>&nbsp;<\/p>\n<p><strong>09:00 Uhr<\/strong> &nbsp; Sportlermesse zelebriert von <strong>Herrn Pfarrer Mag. Jan Skrypzek<\/strong><\/p>\n<p><strong>10:00 Uhr&nbsp;&nbsp; <\/strong>Fr\u00fchshoppen mit <strong>DIE WEINSER TEUFEL<\/strong><\/p>\n<p>Freier Eintritt!<\/p>\n<p>&nbsp;<\/p>\n<h2 style=\"text-align: center;\">Das Team des USV freut sich auf euren Besuch!<\/h2>\n<p style=\"text-align: center;\"><a href=\"https:\/\/www.facebook.com\/events\/560264187677296\/\">https:\/\/www.facebook.com\/events\/560264187677296\/<\/a><\/p>\n<p>&nbsp;<\/p>\n<hr>\n<h3><a href=\"http:\/\/usvhofamtpriel.at\/wp-content\/uploads\/2018\/04\/Offside-Party-Plakat-2018.png\"><img decoding=\"async\" loading=\"lazy\" width=\"400\" height=\"565\" class=\"alignleft wp-image-5376\" alt=\"\" src=\"http:\/\/usvhofamtpriel.at\/wp-content\/uploads\/2018\/04\/Offside-Party-Plakat-2018.png\" srcset=\"http:\/\/usvhofamtpriel.at\/wp-content\/uploads\/2018\/04\/Offside-Party-Plakat-2018.png 616w, http:\/\/usvhofamtpriel.at\/wp-content\/uploads\/2018\/04\/Offside-Party-Plakat-2018-212x300.png 212w, http:\/\/usvhofamtpriel.at\/wp-content\/uploads\/2018\/04\/Offside-Party-Plakat-2018-106x150.png 106w\" sizes=\"(max-width: 400px) 100vw, 400px\" \/><\/a><\/h3>\n<h3>Heuer bieten wir euch im Zuge des<br \/>\nSportfest Hofamt Priel<br \/>\nam Freitag eine mega Party!<\/h3>\n<p>________________<\/p>\n<p>Mit<\/p>\n<h3><strong>LATE GUEST<\/strong><\/h3>\n<p>und<\/p>\n<h3><strong>Warm Up: DJ Mike S<\/strong><\/h3>\n<p>________________<\/p>\n<p>SPECIALSHOTS, BOTTLEBAR, SCHNAPSBAR, UVM.<\/p>\n<p>LOCATION: Sportanlage Hofamt Priel<br \/>\nWETTERFESTE LOCATION!!!<\/p>\n<p>ab 21:00 Uhr Eintritt, \u20ac 5,\u2013&nbsp;<\/p>\n<p>\u20ac 2,\u2013 SHUTTLESERVICE!<br \/>\nAb 01:00 Uhr im Umkreis von 12 km<\/p>\n<p>&nbsp;<\/p>\n<p style=\"text-align: center;\"><a href=\"https:\/\/www.facebook.com\/events\/701906846865009\">https:\/\/www.facebook.com\/events\/701906846865009<\/a>\/<\/p>\n","protected":false},"excerpt":{"rendered":"<p>Von Freitag, 20. Juli, bis Sonntag, 22. Juli, ging das diesj\u00e4hrige Sportfest &#8211; heuer mit neuem Konzept. Los ging\u2019s am Freitag bereits um 17.00 Uhr mit dem allj\u00e4hrlichen Kleinfeldturnier. 12 Mannschaften k\u00e4mpften in Gruppen- und Finalspielen um den Titel. Als Sieger ging heuer der \u00d6AAB Hofamt Priel vom Platz. Die\u2026<\/p>\n<p class=\"continue-reading-button\"> <a class=\"continue-reading-link\" href=\"http:\/\/usvhofamtpriel.at\/?page_id=5326\">mehr<i class=\"crycon-right-dir\"><\/i><\/a><\/p>\n","protected":false},"author":1,"featured_media":5335,"parent":1746,"menu_order":0,"comment_status":"closed","ping_status":"closed","template":"","meta":[],"_links":{"self":[{"href":"http:\/\/usvhofamtpriel.at\/index.php?rest_route=\/wp\/v2\/pages\/5326"}],"collection":[{"href":"http:\/\/usvhofamtpriel.at\/index.php?rest_route=\/wp\/v2\/pages"}],"about":[{"href":"http:\/\/usvhofamtpriel.at\/index.php?rest_route=\/wp\/v2\/types\/page"}],"author":[{"embeddable":true,"href":"http:\/\/usvhofamtpriel.at\/index.php?rest_route=\/wp\/v2\/users\/1"}],"replies":[{"embeddable":true,"href":"http:\/\/usvhofamtpriel.at\/index.php?rest_route=%2Fwp%2Fv2%2Fcomments&post=5326"}],"version-history":[{"count":22,"href":"http:\/\/usvhofamtpriel.at\/index.php?rest_route=\/wp\/v2\/pages\/5326\/revisions"}],"predecessor-version":[{"id":5464,"href":"http:\/\/usvhofamtpriel.at\/index.php?rest_route=\/wp\/v2\/pages\/5326\/revisions\/5464"}],"up":[{"embeddable":true,"href":"http:\/\/usvhofamtpriel.at\/index.php?rest_route=\/wp\/v2\/pages\/1746"}],"wp:featuredmedia":[{"embeddable":true,"href":"http:\/\/usvhofamtpriel.at\/index.php?rest_route=\/wp\/v2\/media\/5335"}],"wp:attachment":[{"href":"http:\/\/usvhofamtpriel.at\/index.php?rest_route=%2Fwp%2Fv2%2Fmedia&parent=5326"}],"curies":[{"name":"wp","href":"https:\/\/api.w.org\/{rel}","templated":true}]}}