{"id":41,"date":"2014-04-06T12:58:45","date_gmt":"2014-04-06T10:58:45","guid":{"rendered":"http:\/\/usvhofamtpriel.at\/?page_id=41"},"modified":"2016-11-08T11:37:48","modified_gmt":"2016-11-08T09:37:48","slug":"sponsoren-und-support","status":"publish","type":"page","link":"http:\/\/usvhofamtpriel.at\/?page_id=41","title":{"rendered":"Sponsoren und Support"},"content":{"rendered":"<h3><span style=\"color: rgb(200, 17, 60);\">Ihr wollt den USV unterst\u00fctzen?<\/span><\/h3>\n<p>Wir freuen uns \u00fcber jegliche aktive Form der Unterst\u00fctzung unseres Sportvereins, egal ob Matchballspende, Dressensponsoring oder Transparentwerbung.<br \/>\nIn diesem Sinne m\u00f6chten wir uns bei allen Sponsoren f\u00fcr die Mithilfe bedanken!<\/p>\n<p><strong>Herzlichen Dank!<\/strong><\/p>\n<p>&nbsp;<\/p>\n<hr>\n<p><img decoding=\"async\" loading=\"lazy\" width=\"240\" height=\"98\" class=\"wp-image-1390 alignleft\" alt=\"Logo_Eder\" src=\"http:\/\/usvhofamtpriel.at\/wp-content\/uploads\/2014\/06\/Logo_Eder.jpg\" sizes=\"(max-width: 240px) 100vw, 240px\" srcset=\"http:\/\/usvhofamtpriel.at\/wp-content\/uploads\/2014\/06\/Logo_Eder.jpg 342w, http:\/\/usvhofamtpriel.at\/wp-content\/uploads\/2014\/06\/Logo_Eder-300x122.jpg 300w, http:\/\/usvhofamtpriel.at\/wp-content\/uploads\/2014\/06\/Logo_Eder-250x102.jpg 250w, http:\/\/usvhofamtpriel.at\/wp-content\/uploads\/2014\/06\/Logo_Eder-150x61.jpg 150w\"><\/p>\n<p>&nbsp;<\/p>\n<p><a href=\"http:\/\/usvhofamtpriel.at\/wp-content\/uploads\/2014\/08\/217907773_CI1335603.jpg\"><img decoding=\"async\" loading=\"lazy\" width=\"241\" height=\"80\" class=\"wp-image-2295 alignleft\" alt=\"217907773_CI1335603\" src=\"http:\/\/usvhofamtpriel.at\/wp-content\/uploads\/2014\/08\/217907773_CI1335603.jpg\" sizes=\"(max-width: 241px) 100vw, 241px\" srcset=\"http:\/\/usvhofamtpriel.at\/wp-content\/uploads\/2014\/08\/217907773_CI1335603.jpg 160w, http:\/\/usvhofamtpriel.at\/wp-content\/uploads\/2014\/08\/217907773_CI1335603-150x49.jpg 150w\"><\/a><a href=\"http:\/\/usvhofamtpriel.at\/wp-content\/uploads\/2014\/04\/logo_geyrecker-e1478588909225.png\"><img decoding=\"async\" loading=\"lazy\" width=\"240\" height=\"94\" class=\"wp-image-4530 alignleft\" alt=\"logo_geyrecker\" src=\"http:\/\/usvhofamtpriel.at\/wp-content\/uploads\/2014\/04\/logo_geyrecker-e1478588909225.png\" sizes=\"(max-width: 240px) 100vw, 240px\" srcset=\"http:\/\/usvhofamtpriel.at\/wp-content\/uploads\/2014\/04\/logo_geyrecker-e1478588909225.png 842w, http:\/\/usvhofamtpriel.at\/wp-content\/uploads\/2014\/04\/logo_geyrecker-e1478588909225-300x118.png 300w, http:\/\/usvhofamtpriel.at\/wp-content\/uploads\/2014\/04\/logo_geyrecker-e1478588909225-768x301.png 768w, http:\/\/usvhofamtpriel.at\/wp-content\/uploads\/2014\/04\/logo_geyrecker-e1478588909225-250x98.png 250w, http:\/\/usvhofamtpriel.at\/wp-content\/uploads\/2014\/04\/logo_geyrecker-e1478588909225-150x59.png 150w\"><\/a><\/p>\n<p>&nbsp;<\/p>\n<p>&nbsp;<\/p>\n<p>&nbsp;<\/p>\n","protected":false},"excerpt":{"rendered":"<p>Ihr wollt den USV unterst\u00fctzen? Wir freuen uns \u00fcber jegliche aktive Form der Unterst\u00fctzung unseres Sportvereins, egal ob Matchballspende, Dressensponsoring oder Transparentwerbung. In diesem Sinne m\u00f6chten wir uns bei allen Sponsoren f\u00fcr die Mithilfe bedanken! Herzlichen Dank! &nbsp; &nbsp; &nbsp; &nbsp; &nbsp;<\/p>\n<p class=\"continue-reading-button\"> <a class=\"continue-reading-link\" href=\"http:\/\/usvhofamtpriel.at\/?page_id=41\">mehr<i class=\"crycon-right-dir\"><\/i><\/a><\/p>\n","protected":false},"author":1,"featured_media":0,"parent":11,"menu_order":0,"comment_status":"open","ping_status":"open","template":"","meta":[],"_links":{"self":[{"href":"http:\/\/usvhofamtpriel.at\/index.php?rest_route=\/wp\/v2\/pages\/41"}],"collection":[{"href":"http:\/\/usvhofamtpriel.at\/index.php?rest_route=\/wp\/v2\/pages"}],"about":[{"href":"http:\/\/usvhofamtpriel.at\/index.php?rest_route=\/wp\/v2\/types\/page"}],"author":[{"embeddable":true,"href":"http:\/\/usvhofamtpriel.at\/index.php?rest_route=\/wp\/v2\/users\/1"}],"replies":[{"embeddable":true,"href":"http:\/\/usvhofamtpriel.at\/index.php?rest_route=%2Fwp%2Fv2%2Fcomments&post=41"}],"version-history":[{"count":13,"href":"http:\/\/usvhofamtpriel.at\/index.php?rest_route=\/wp\/v2\/pages\/41\/revisions"}],"predecessor-version":[{"id":4532,"href":"http:\/\/usvhofamtpriel.at\/index.php?rest_route=\/wp\/v2\/pages\/41\/revisions\/4532"}],"up":[{"embeddable":true,"href":"http:\/\/usvhofamtpriel.at\/index.php?rest_route=\/wp\/v2\/pages\/11"}],"wp:attachment":[{"href":"http:\/\/usvhofamtpriel.at\/index.php?rest_route=%2Fwp%2Fv2%2Fmedia&parent=41"}],"curies":[{"name":"wp","href":"https:\/\/api.w.org\/{rel}","templated":true}]}}