{"id":364,"date":"2014-05-12T18:45:44","date_gmt":"2014-05-12T16:45:44","guid":{"rendered":"http:\/\/usvhofamtpriel.at\/?page_id=364"},"modified":"2014-05-12T18:45:44","modified_gmt":"2014-05-12T16:45:44","slug":"chronik","status":"publish","type":"page","link":"http:\/\/usvhofamtpriel.at\/?page_id=364","title":{"rendered":"Chronik"},"content":{"rendered":"<p>Die Sektion Stocksport wurde 1989 gegr\u00fcndet. Unter der Sektionsleitung mit Alois Gassner. Begonnen hat alles mit einem 4-bahnigen Asphaltplatz unter freiem Himmel ohne Vereinshaus. Einige Jahre sp\u00e4ter errichteten wir gemeinsam mit dem Tennisverein ein Vereinshaus. 2004 \u00fcbergab Alois Gassner die Sektionsleitung an Manfred Steinberger.<\/p>\n<p>2010 begann gemeinsam mit der Sektion Fu\u00dfball die Errichtung der neuen Stocksport- und Veranstaltungshalle. Es wurden von \u00fcber 100 freiwilligen Helfern rund 12.000 Arbeitsstunden geleistet. Wir er\u00f6ffneten diese Halle mit einem gro\u00dfen Turnier im Herbst 2011.<\/p>\n<p>Im Jahr fahren wir ca. zu 40-50 Pokalturnieren. Darunter besuchen wir auch jedes zweite Jahr unsere Freunde aus Bayern, den SC Oberhummel, den SV Kranzberg und den SV Eitting. Weiters gibt es noch die j\u00e4hrliche Teilnahme an den Bezirksmeisterschaften der Bezirksgruppe Scheibbs und regelm\u00e4\u00dfig wird auch an der Landesmeisterschaft der N\u00d6 Sportunion teilgenommen. Neu ab 2014 gibt es den Nieder\u00f6sterreich-Cup.<\/p>\n","protected":false},"excerpt":{"rendered":"<p>Die Sektion Stocksport wurde 1989 gegr\u00fcndet. Unter der Sektionsleitung mit Alois Gassner. Begonnen hat alles mit einem 4-bahnigen Asphaltplatz unter freiem Himmel ohne Vereinshaus. Einige Jahre sp\u00e4ter errichteten wir gemeinsam mit dem Tennisverein ein Vereinshaus. 2004 \u00fcbergab Alois Gassner die Sektionsleitung an Manfred Steinberger. 2010 begann gemeinsam mit der Sektion\u2026<\/p>\n<p class=\"continue-reading-button\"> <a class=\"continue-reading-link\" href=\"http:\/\/usvhofamtpriel.at\/?page_id=364\">mehr<i class=\"crycon-right-dir\"><\/i><\/a><\/p>\n","protected":false},"author":3,"featured_media":0,"parent":29,"menu_order":0,"comment_status":"open","ping_status":"open","template":"","meta":[],"_links":{"self":[{"href":"http:\/\/usvhofamtpriel.at\/index.php?rest_route=\/wp\/v2\/pages\/364"}],"collection":[{"href":"http:\/\/usvhofamtpriel.at\/index.php?rest_route=\/wp\/v2\/pages"}],"about":[{"href":"http:\/\/usvhofamtpriel.at\/index.php?rest_route=\/wp\/v2\/types\/page"}],"author":[{"embeddable":true,"href":"http:\/\/usvhofamtpriel.at\/index.php?rest_route=\/wp\/v2\/users\/3"}],"replies":[{"embeddable":true,"href":"http:\/\/usvhofamtpriel.at\/index.php?rest_route=%2Fwp%2Fv2%2Fcomments&post=364"}],"version-history":[{"count":1,"href":"http:\/\/usvhofamtpriel.at\/index.php?rest_route=\/wp\/v2\/pages\/364\/revisions"}],"predecessor-version":[{"id":365,"href":"http:\/\/usvhofamtpriel.at\/index.php?rest_route=\/wp\/v2\/pages\/364\/revisions\/365"}],"up":[{"embeddable":true,"href":"http:\/\/usvhofamtpriel.at\/index.php?rest_route=\/wp\/v2\/pages\/29"}],"wp:attachment":[{"href":"http:\/\/usvhofamtpriel.at\/index.php?rest_route=%2Fwp%2Fv2%2Fmedia&parent=364"}],"curies":[{"name":"wp","href":"https:\/\/api.w.org\/{rel}","templated":true}]}}