{"id":23,"date":"2014-04-06T12:54:15","date_gmt":"2014-04-06T10:54:15","guid":{"rendered":"http:\/\/usvhofamtpriel.at\/?page_id=23"},"modified":"2016-04-10T20:27:59","modified_gmt":"2016-04-10T18:27:59","slug":"fussball-herren","status":"publish","type":"page","link":"http:\/\/usvhofamtpriel.at\/?page_id=23","title":{"rendered":"Fu\u00dfball Herren"},"content":{"rendered":"<ul class=\"thumbnails\" style=\"width: 100%;\">\n<li>\n<h5><a href=\"http:\/\/usvhofamtpriel.at\/?p=3601\">Herren im Cup ausgeschieden<\/a><\/h5>\n<p><span class=\"pe-creation-date\">23. November 2015<\/span><br \/>\nBeim Viertelfinalspiel des N\u00d6 Hobbyligacups in Oberstrahlenbach stand es nach der regul\u00e4ren Spielzeit&nbsp;0:0. Danach waren die Herren des USV sehr unkonzentriert und kassierten in der Verl\u00e4ngerung 3 Treffer. Endstand nach der Verl\u00e4ngerung: 3:0! Das bedeutet das CUP-Aus f\u00fcr unsere Herren. Im Winter wird dennoch flei\u00dfig weiter trainiert. Das Hallentraining der \u2026 mehr&#8230;\n<\/li>\n<\/ul>\n<ul class=\"thumbnails\" style=\"width: 100%;\">\n<li>\n<h5><a href=\"http:\/\/usvhofamtpriel.at\/?p=3593\">5:3 Heimsieg gegen Dorfstetten<\/a><\/h5>\n<p><span class=\"pe-creation-date\">27. Oktober 2015<\/span><br \/>\nAm Samstag, 24.10.2015, endete das letzte Meisterschaftsspiel dieser Saison gegen die Union Dorfstetten mit einem 5:3 Heimsieg f\u00fcr die USV Herren. Torsch\u00fctzen: Michael Hofst\u00e4tter 2x, Christian Schachenhofer 2x, Eigentor Dorfstetten. &nbsp; Viertelfinalspiel des Hobbyliga-Cups Samstag, 31.10.2015, 19.00 Uhr, Sportanlage Oberstrahlenbach USC Oberstrahlenbach \u2013 USV Hofamt Priel &nbsp;&#8230;\n<\/li>\n<\/ul>\n<ul class=\"thumbnails\" style=\"width: 100%;\">\n<li>\n<h5><a href=\"http:\/\/usvhofamtpriel.at\/?p=3586\">Punktegewinn gegen den aktuellen Tabellenf\u00fchrer<\/a><\/h5>\n<p><span class=\"pe-creation-date\">12. Oktober 2015<\/span><br \/>\nDie Herren des USV Hofamt Priel konnten am Samstag, 10.10.2015, einen Punkt gegen den aktuellen Tabellenf\u00fchrer der 2. Melktaler Hobbyliga CF Kapo 07 sichern. Endstand: 4:4. Torsch\u00fctzen des USV: Michael Hofst\u00e4tter 2x, Christoph Bichler, Lukas Bachinger. N\u00e4chstes Spiel der Herren: Samstag, 24.10.2015, 19.00 Uhr, Sportanlage Hofamt Priel USV Hofamt Priel \u2026 mehr&#8230;\n<\/li>\n<\/ul>\n<ul class=\"thumbnails\" style=\"width: 100%;\">\n<li>\n<a href=\"http:\/\/usvhofamtpriel.at\/?p=3578\" title=\"N\u00e4chster Sieg der USV-Herren\" alt=\"N\u00e4chster Sieg der USV-Herren\"><img decoding=\"async\" loading=\"lazy\" src=\"http:\/\/usvhofamtpriel.at\/wp-content\/uploads\/2014\/05\/P1040857-300x225.jpg\" class=\"attachment-medium size-medium wp-post-image\" alt=\"P1040857\" srcset=\"http:\/\/usvhofamtpriel.at\/wp-content\/uploads\/2014\/05\/P1040857-300x225.jpg 300w, http:\/\/usvhofamtpriel.at\/wp-content\/uploads\/2014\/05\/P1040857-1024x768.jpg 1024w, http:\/\/usvhofamtpriel.at\/wp-content\/uploads\/2014\/05\/P1040857-200x150.jpg 200w\" sizes=\"(max-width: 300px) 100vw, 300px\" height=\"225\" width=\"300\"><\/a>\t\t\t\t\t\t\t\t\t\t\t\t\t\t\t\t\t\t\t\t\t\t<\/p>\n<h5><a href=\"http:\/\/usvhofamtpriel.at\/?p=3578\">N\u00e4chster Sieg der USV-Herren<\/a><\/h5>\n<p><span class=\"pe-creation-date\">21. September 2015<\/span><br \/>\nAm 20.9.2015 feierten die Herren ihren n\u00e4chsten Erfolg: Endstand beim Heimspiel gegen die Kickers Kolm 7:1! Torsch\u00fctzen: 2x Michael Hofst\u00e4tter, Jan G\u00f6bl, Alexander Moser, 3x Christian Schachenhofer. Super Burschen, weiter so! N\u00e4chstes Match der Herren: Samstag, 10.10.2015, 18.00 Uhr, Sportanlage Hofamt Priel Kapo 07 \u2013 USV Hofamt Priel Herren&#8230;\n<\/li>\n<\/ul>\n<ul class=\"thumbnails\" style=\"width: 100%;\">\n<li>\n<h5><a href=\"http:\/\/usvhofamtpriel.at\/?p=3574\">0:7-Erfolg der Herren in Laimbach<\/a><\/h5>\n<p><span class=\"pe-creation-date\">14. September 2015<\/span><br \/>\nAm 11.9.2015 gingen die USV Herren als eindeutiger und verdienter Sieger vom Platz. Endstand in Laimbach: 0:7! Torsch\u00fctzen: Michael Hofst\u00e4tter 3x, Christian Schachenhofer 3x, Alexander Moser. N\u00e4chster Matchtermin: Sonntag, 20.9.2015, 18.00 Uhr, Sportanlage Hofamt Priel USV Hofamt Priel \u2013 Kickers Kolm&#8230;\n<\/li>\n<\/ul>\n<ul class=\"thumbnails\" style=\"width: 100%;\">\n<li>\n<h5><a href=\"http:\/\/usvhofamtpriel.at\/?p=3568\">4:2 Niederlage gegen SU St. Georgen\/Scheibbs<\/a><\/h5>\n<p><span class=\"pe-creation-date\">2. September 2015<\/span><br \/>\nBeim Ausw\u00e4rtsspiel am 28.8.2015 gegen SU St. Georgen \/Scheibbs mussten sich die USV Herren 4:2 geschlagen geben. Torsch\u00fctzen: Christoph Bichler, Christian Schachenhofer&#8230;.\n<\/li>\n<\/ul>\n<ul class=\"thumbnails\" style=\"width: 100%;\">\n<li>\n<a href=\"http:\/\/usvhofamtpriel.at\/?p=3566\" title=\"Perfekter Start in die neue Hobbyligasaison\" alt=\"Perfekter Start in die neue Hobbyligasaison\"><img decoding=\"async\" loading=\"lazy\" src=\"http:\/\/usvhofamtpriel.at\/wp-content\/uploads\/2014\/05\/P1040853-300x225.jpg\" class=\"attachment-medium size-medium wp-post-image\" alt=\"P1040853\" srcset=\"http:\/\/usvhofamtpriel.at\/wp-content\/uploads\/2014\/05\/P1040853-300x225.jpg 300w, http:\/\/usvhofamtpriel.at\/wp-content\/uploads\/2014\/05\/P1040853-1024x768.jpg 1024w, http:\/\/usvhofamtpriel.at\/wp-content\/uploads\/2014\/05\/P1040853-200x150.jpg 200w\" sizes=\"(max-width: 300px) 100vw, 300px\" height=\"225\" width=\"300\"><\/a>\t\t\t\t\t\t\t\t\t\t\t\t\t\t\t\t\t\t\t\t\t\t<\/p>\n<h5><a href=\"http:\/\/usvhofamtpriel.at\/?p=3566\">Perfekter Start in die neue Hobbyligasaison<\/a><\/h5>\n<p><span class=\"pe-creation-date\">24. August 2015<\/span><br \/>\nDie USV Herren konnten das erste Meisterschaftsspiel in der neuen Saison gegen SU St. Anton klar mit einem 9:1-Erfolg f\u00fcr sich entscheiden. Torsch\u00fctzen: Lukas Bachinger 3x, Christian Schachenhofer 3x, Michael Hofst\u00e4tter 3x. Das n\u00e4chste Meisterschaftsspiel findet am Freitag, 28.8.2015 um 19.30 Uhr ausw\u00e4rts gegen SU St. Georgen\/Scheibbs statt&#8230;.\n<\/li>\n<\/ul>\n<ul class=\"thumbnails\" style=\"width: 100%;\">\n<li>\n<h5><a href=\"http:\/\/usvhofamtpriel.at\/?p=3264\">Cup: Aufstieg der Herren in die n\u00e4chste Runde<\/a><\/h5>\n<p><span class=\"pe-creation-date\">11. August 2015<\/span><br \/>\nDie Herren besiegten am 8. August FC Corona mit 4:2. Torsch\u00fctzen: Jan G\u00f6bl 2x, Alexander Moser 2x. Dadurch steigen die Herren in die n\u00e4chste Runde des Hobbyliga-Cups auf. N\u00e4chster Spieltermin: Vorbereitungsspiel am 15.8.2015 um 19.30 Uhr gegen Kapo 07 auf der Sportanlage in Hofamt Priel&#8230;.\n<\/li>\n<\/ul>\n<ul class=\"thumbnails\" style=\"width: 100%;\">\n<li>\n<a href=\"http:\/\/usvhofamtpriel.at\/?p=3256\" title=\"Neues der Sektion Fu\u00dfball (Herren)\" alt=\"Neues der Sektion Fu\u00dfball (Herren)\"><img decoding=\"async\" loading=\"lazy\" src=\"http:\/\/usvhofamtpriel.at\/wp-content\/uploads\/2015\/08\/USV-Herren-Meisterfeier-2015-300x225.jpg\" class=\"attachment-medium size-medium wp-post-image\" alt=\"USV Herren Meisterfeier 2015\" srcset=\"http:\/\/usvhofamtpriel.at\/wp-content\/uploads\/2015\/08\/USV-Herren-Meisterfeier-2015-300x225.jpg 300w, http:\/\/usvhofamtpriel.at\/wp-content\/uploads\/2015\/08\/USV-Herren-Meisterfeier-2015-200x150.jpg 200w, http:\/\/usvhofamtpriel.at\/wp-content\/uploads\/2015\/08\/USV-Herren-Meisterfeier-2015.jpg 320w\" sizes=\"(max-width: 300px) 100vw, 300px\" height=\"225\" width=\"300\"><\/a>\t\t\t\t\t\t\t\t\t\t\t\t\t\t\t\t\t\t\t\t\t\t<\/p>\n<h5><a href=\"http:\/\/usvhofamtpriel.at\/?p=3256\">Neues der Sektion Fu\u00dfball (Herren)<\/a><\/h5>\n<p><span class=\"pe-creation-date\">3. August 2015<\/span><br \/>\nDie Fr\u00fchjahrssaison 2014\/2015 wurde mit dem letzten Spiel in St. Georgen, das mit einem Unentschieden ausging, beendet. Unsere Herrenmannschaft belegt den 5. Platz mit nur einem Punkt hinter der 4. platzierten Mannschaft St. Georgen\/Scheibbs. Tabelle der Erlauftaler Fu\u00dfballliga 2014\/2015 Platz Mannschaft Spiele Punkte 1 HCU Randegg 05 12 32 2 \u2026 mehr&#8230;\n<\/li>\n<\/ul>\n<ol class=\"carousel-indicators\">\n<li data-target=\"#myCarouselpe_recent_posts-1\" data-slide-to=\"0\" class=\"active\"><\/li>\n<li data-target=\"#myCarouselpe_recent_posts-1\" data-slide-to=\"1\"><\/li>\n<li data-target=\"#myCarouselpe_recent_posts-1\" data-slide-to=\"2\"><\/li>\n<\/ol>\n","protected":false},"excerpt":{"rendered":"<p>Herren im Cup ausgeschieden 23. November 2015 Beim Viertelfinalspiel des N\u00d6 Hobbyligacups in Oberstrahlenbach stand es nach der regul\u00e4ren Spielzeit&nbsp;0:0. Danach waren die Herren des USV sehr unkonzentriert und kassierten in der Verl\u00e4ngerung 3 Treffer. Endstand nach der Verl\u00e4ngerung: 3:0! Das bedeutet das CUP-Aus f\u00fcr unsere Herren. Im Winter wird\u2026<\/p>\n<p class=\"continue-reading-button\"> <a class=\"continue-reading-link\" href=\"http:\/\/usvhofamtpriel.at\/?page_id=23\">mehr<i class=\"crycon-right-dir\"><\/i><\/a><\/p>\n","protected":false},"author":1,"featured_media":0,"parent":21,"menu_order":0,"comment_status":"open","ping_status":"open","template":"","meta":[],"_links":{"self":[{"href":"http:\/\/usvhofamtpriel.at\/index.php?rest_route=\/wp\/v2\/pages\/23"}],"collection":[{"href":"http:\/\/usvhofamtpriel.at\/index.php?rest_route=\/wp\/v2\/pages"}],"about":[{"href":"http:\/\/usvhofamtpriel.at\/index.php?rest_route=\/wp\/v2\/types\/page"}],"author":[{"embeddable":true,"href":"http:\/\/usvhofamtpriel.at\/index.php?rest_route=\/wp\/v2\/users\/1"}],"replies":[{"embeddable":true,"href":"http:\/\/usvhofamtpriel.at\/index.php?rest_route=%2Fwp%2Fv2%2Fcomments&post=23"}],"version-history":[{"count":3,"href":"http:\/\/usvhofamtpriel.at\/index.php?rest_route=\/wp\/v2\/pages\/23\/revisions"}],"predecessor-version":[{"id":3848,"href":"http:\/\/usvhofamtpriel.at\/index.php?rest_route=\/wp\/v2\/pages\/23\/revisions\/3848"}],"up":[{"embeddable":true,"href":"http:\/\/usvhofamtpriel.at\/index.php?rest_route=\/wp\/v2\/pages\/21"}],"wp:attachment":[{"href":"http:\/\/usvhofamtpriel.at\/index.php?rest_route=%2Fwp%2Fv2%2Fmedia&parent=23"}],"curies":[{"name":"wp","href":"https:\/\/api.w.org\/{rel}","templated":true}]}}