{"id":21,"date":"2014-04-06T12:53:45","date_gmt":"2014-04-06T10:53:45","guid":{"rendered":"http:\/\/usvhofamtpriel.at\/?page_id=21"},"modified":"2016-06-21T07:55:04","modified_gmt":"2016-06-21T05:55:04","slug":"fussball","status":"publish","type":"page","link":"http:\/\/usvhofamtpriel.at\/?page_id=21","title":{"rendered":"Fu\u00dfball &#8211; NEWS"},"content":{"rendered":"<ul class=\"thumbnails\" style=\"width: 100%;\">\n<li><a title=\"Nachtrag Spielergebnisse UFV Herren \u2013 Aufstieg in erste Liga\" href=\"http:\/\/usvhofamtpriel.at\/?p=4100\"><img decoding=\"async\" loading=\"lazy\" class=\"attachment-medium size-medium wp-post-image\" src=\"http:\/\/usvhofamtpriel.at\/wp-content\/uploads\/2014\/05\/P1040853-300x225.jpg\" sizes=\"(max-width: 300px) 100vw, 300px\" srcset=\"http:\/\/usvhofamtpriel.at\/wp-content\/uploads\/2014\/05\/P1040853-300x225.jpg 300w, http:\/\/usvhofamtpriel.at\/wp-content\/uploads\/2014\/05\/P1040853-1024x768.jpg 1024w, http:\/\/usvhofamtpriel.at\/wp-content\/uploads\/2014\/05\/P1040853-200x150.jpg 200w, http:\/\/usvhofamtpriel.at\/wp-content\/uploads\/2014\/05\/P1040853-150x112.jpg 150w\" alt=\"P1040853\" width=\"300\" height=\"225\" \/><\/a><br \/>\n<h5><a href=\"http:\/\/usvhofamtpriel.at\/?p=4100\">Nachtrag Spielergebnisse UFV Herren \u2013 Aufstieg in erste Liga<\/a><\/h5>\n<p><span class=\"pe-creation-date\">16. Juni 2016<\/span> Die Herren des UFV Hofamt Priel konnten in ihren vier letzten Spielen der Saison zwei Siege und ein Remis erreichen, mussten zum Abschluss aber eine Niederlage gegen den Meister der diesj\u00e4hrigen Saison hinnehmen. Die besten Torsch\u00fctzen des UFV sind Michael Hofst\u00e4tter mit 17 und Christian Schachenhofer mit 14 Treffern, gefolgt \u2026 mehr&#8230;<\/li>\n<\/ul>\n<ul class=\"thumbnails\" style=\"width: 100%;\">\n<li><a title=\"UFV Damen kr\u00f6nen sich mit Kantersieg zum MEISTER\" href=\"http:\/\/usvhofamtpriel.at\/?p=4057\"><img decoding=\"async\" loading=\"lazy\" class=\"attachment-medium size-medium wp-post-image\" src=\"http:\/\/usvhofamtpriel.at\/wp-content\/uploads\/2016\/06\/IMG-20160611-WA0003-1-300x169.jpg\" sizes=\"(max-width: 300px) 100vw, 300px\" srcset=\"http:\/\/usvhofamtpriel.at\/wp-content\/uploads\/2016\/06\/IMG-20160611-WA0003-1-300x169.jpg 300w, http:\/\/usvhofamtpriel.at\/wp-content\/uploads\/2016\/06\/IMG-20160611-WA0003-1-768x432.jpg 768w, http:\/\/usvhofamtpriel.at\/wp-content\/uploads\/2016\/06\/IMG-20160611-WA0003-1-1024x576.jpg 1024w, http:\/\/usvhofamtpriel.at\/wp-content\/uploads\/2016\/06\/IMG-20160611-WA0003-1-250x141.jpg 250w, http:\/\/usvhofamtpriel.at\/wp-content\/uploads\/2016\/06\/IMG-20160611-WA0003-1-150x84.jpg 150w, http:\/\/usvhofamtpriel.at\/wp-content\/uploads\/2016\/06\/IMG-20160611-WA0003-1-1150x647.jpg 1150w, http:\/\/usvhofamtpriel.at\/wp-content\/uploads\/2016\/06\/IMG-20160611-WA0003-1.jpg 1599w\" alt=\"IMG-20160611-WA0003\" width=\"300\" height=\"169\" \/><\/a><br \/>\n<h5><a href=\"http:\/\/usvhofamtpriel.at\/?p=4057\">UFV Damen kr\u00f6nen sich mit Kantersieg zum MEISTER<\/a><\/h5>\n<p><span class=\"pe-creation-date\">12. Juni 2016<\/span> Die Nervosit\u00e4t vor dem letzten \u2013 und entscheidenden \u2013 Spiel in der Hobbyligasaison 2015\/2016 war sp\u00fcrbar hoch, durch eine Niederlage des DFC Corona beim Spiel gegen die Union Haag waren die M\u00e4dl\u2019s des UFV Hofamt Priel wieder voll im Rennen um den Meistertitel. Die Devise war klar \u2013 gegen SC \u2026 mehr&#8230;<\/li>\n<\/ul>\n<ul class=\"thumbnails\" style=\"width: 100%;\">\n<li>\n<h5><a href=\"http:\/\/usvhofamtpriel.at\/?p=4055\">UFV Damen: Knappe 0:1 Niederlage gegen DFC Corona<\/a><\/h5>\n<p><span class=\"pe-creation-date\">26. Mai 2016<\/span> Beim vorletzten Match der Saison am 22.05.2016 auf der Sportanlage des DFC Corona in Kerndl mussten sich die M\u00e4dl\u2019s aus Hofamt Priel den Damen des DFC Corona knapp mit 0:1 geschlagen geben. Das Match verlief \u00fcber lange Zeit ausgeglichen, wobei die Gastgeberinnen einige gute Chancen vorfanden, die jedoch unsere Torfrau \u2026 mehr&#8230;<\/li>\n<\/ul>\n<ul class=\"thumbnails\" style=\"width: 100%;\">\n<li>\n<h5><a href=\"http:\/\/usvhofamtpriel.at\/?p=4048\">0:1 Heim-Niederlage der Damen<\/a><\/h5>\n<p><span class=\"pe-creation-date\">9. Mai 2016<\/span> Aufgrund einiger Absagen gegnerischer Mannschaften\u00a0starteten die USV-Damen leider ohne Vorbereitungsmatch in die Fr\u00fchjahrssaison. Beim Heimmatch am 8.5.2016 mussten sich die M\u00e4dl\u2019s des USV Hofamt Priel leider den Damen der Union Haag mit 0:1 geschlagen geben&#8230;.<\/li>\n<\/ul>\n<ul class=\"thumbnails\" style=\"width: 100%;\">\n<li>\n<h5><a href=\"http:\/\/usvhofamtpriel.at\/?p=4038\">Spielergebnisse der Herren im Fr\u00fchjahr<\/a><\/h5>\n<p><span class=\"pe-creation-date\">29. April 2016<\/span> Ergebnisse der Vorbereitungsspiele Als Vorbereitung auf die Fr\u00fchjahrssaison bestritten die Herren 3 Vorbereitungsspiele: 29.2.2016: Neustadtl U23 3:1 USV Hofamt Priel Herren 24.3.2016: USV Hofamt Priel Herren 2:2 N\u00f6chling U23 8.4.2016: USV Hofamt Priel Herren 1:9 HCU Randegg Meisterschaft \u2013 2. Liga der Melktaler Hobbyliga Das erste Spiel in dieser Saison \u2026 mehr&#8230;<\/li>\n<\/ul>\n<ul class=\"thumbnails\" style=\"width: 100%;\">\n<li><a title=\"Sektion Fu\u00dfball beim Faschingsumzug in Weins\" href=\"http:\/\/usvhofamtpriel.at\/?p=3638\"><img decoding=\"async\" loading=\"lazy\" class=\"attachment-medium size-medium wp-post-image\" src=\"http:\/\/usvhofamtpriel.at\/wp-content\/uploads\/2016\/02\/IMG-20160207-WA0009-300x169.jpg\" sizes=\"(max-width: 300px) 100vw, 300px\" srcset=\"http:\/\/usvhofamtpriel.at\/wp-content\/uploads\/2016\/02\/IMG-20160207-WA0009-300x169.jpg 300w, http:\/\/usvhofamtpriel.at\/wp-content\/uploads\/2016\/02\/IMG-20160207-WA0009-1024x576.jpg 1024w, http:\/\/usvhofamtpriel.at\/wp-content\/uploads\/2016\/02\/IMG-20160207-WA0009-250x141.jpg 250w, http:\/\/usvhofamtpriel.at\/wp-content\/uploads\/2016\/02\/IMG-20160207-WA0009-150x84.jpg 150w, http:\/\/usvhofamtpriel.at\/wp-content\/uploads\/2016\/02\/IMG-20160207-WA0009-1060x596.jpg 1060w, http:\/\/usvhofamtpriel.at\/wp-content\/uploads\/2016\/02\/IMG-20160207-WA0009.jpg 1599w\" alt=\"IMG-20160207-WA0009\" width=\"300\" height=\"169\" \/><\/a><br \/>\n<h5><a href=\"http:\/\/usvhofamtpriel.at\/?p=3638\">Sektion Fu\u00dfball beim Faschingsumzug in Weins<\/a><\/h5>\n<p><span class=\"pe-creation-date\">16. Februar 2016<\/span> ***STAR WARS*** Die Sektion Fu\u00dfball hatte sichtlich Spa\u00df beim n\u00e4rrischen Treiben am traditionellen Faschingsumzug am 6.2.2016 in Weins. Vielen Dank an die Helfer&#8230;.<\/li>\n<\/ul>\n<ul class=\"thumbnails\" style=\"width: 100%;\">\n<li><a title=\"Damen-Hallenturnier des Freestyle Sports Club in Amstetten\" href=\"http:\/\/usvhofamtpriel.at\/?p=3632\"><img decoding=\"async\" loading=\"lazy\" class=\"attachment-medium size-medium wp-post-image\" src=\"http:\/\/usvhofamtpriel.at\/wp-content\/uploads\/2016\/02\/Hallenturnier-Amstetten-2016-300x225.jpg\" sizes=\"(max-width: 300px) 100vw, 300px\" srcset=\"http:\/\/usvhofamtpriel.at\/wp-content\/uploads\/2016\/02\/Hallenturnier-Amstetten-2016-300x225.jpg 300w, http:\/\/usvhofamtpriel.at\/wp-content\/uploads\/2016\/02\/Hallenturnier-Amstetten-2016-200x150.jpg 200w, http:\/\/usvhofamtpriel.at\/wp-content\/uploads\/2016\/02\/Hallenturnier-Amstetten-2016-150x113.jpg 150w, http:\/\/usvhofamtpriel.at\/wp-content\/uploads\/2016\/02\/Hallenturnier-Amstetten-2016.jpg 960w\" alt=\"Hallenturnier Amstetten 2016\" width=\"300\" height=\"225\" \/><\/a><br \/>\n<h5><a href=\"http:\/\/usvhofamtpriel.at\/?p=3632\">Damen-Hallenturnier des Freestyle Sports Club in Amstetten<\/a><\/h5>\n<p><span class=\"pe-creation-date\">16. Februar 2016<\/span> Am 30. J\u00e4nner 2016 nahmen die USV M\u00e4dl\u2019s am Hallenturnier des FSC Amstetten in der Johann-P\u00f6lz-Halle teil. Die Damen wurden in die Gruppe \u201eNewsport.at\u201c gelost, wo sie auf den SC Wieselburg, den FC G\u00f6stling sowie auf SU Wolfsbach trafen. Das erste Spiel gegen Wolfsbach konnten die Damen 2:1 f\u00fcr sich \u2026 mehr&#8230;<\/li>\n<\/ul>\n<ul class=\"thumbnails\" style=\"width: 100%;\">\n<li>\n<h5><a href=\"http:\/\/usvhofamtpriel.at\/?p=3601\">Herren im Cup ausgeschieden<\/a><\/h5>\n<p><span class=\"pe-creation-date\">23. November 2015<\/span> Beim Viertelfinalspiel des N\u00d6 Hobbyligacups in Oberstrahlenbach stand es nach der regul\u00e4ren Spielzeit\u00a00:0. Danach waren die Herren des USV sehr unkonzentriert und kassierten in der Verl\u00e4ngerung 3 Treffer. Endstand nach der Verl\u00e4ngerung: 3:0! Das bedeutet das CUP-Aus f\u00fcr unsere Herren. Im Winter wird dennoch flei\u00dfig weiter trainiert. Das Hallentraining der \u2026 mehr&#8230;<\/li>\n<\/ul>\n<ul class=\"thumbnails\" style=\"width: 100%;\">\n<li>\n<h5><a href=\"http:\/\/usvhofamtpriel.at\/?p=3593\">5:3 Heimsieg gegen Dorfstetten<\/a><\/h5>\n<p><span class=\"pe-creation-date\">27. Oktober 2015<\/span> Am Samstag, 24.10.2015, endete das letzte Meisterschaftsspiel dieser Saison gegen die Union Dorfstetten mit einem 5:3 Heimsieg f\u00fcr die USV Herren. Torsch\u00fctzen: Michael Hofst\u00e4tter 2x, Christian Schachenhofer 2x, Eigentor Dorfstetten. \u00a0 Viertelfinalspiel des Hobbyliga-Cups Samstag, 31.10.2015, 19.00 Uhr, Sportanlage Oberstrahlenbach USC Oberstrahlenbach \u2013 USV Hofamt Priel \u00a0&#8230;<\/li>\n<\/ul>\n","protected":false},"excerpt":{"rendered":"<p>Nachtrag Spielergebnisse UFV Herren \u2013 Aufstieg in erste Liga 16. Juni 2016 Die Herren des UFV Hofamt Priel konnten in ihren vier letzten Spielen der Saison zwei Siege und ein Remis erreichen, mussten zum Abschluss aber eine Niederlage gegen den Meister der diesj\u00e4hrigen Saison hinnehmen. Die besten Torsch\u00fctzen des UFV\u2026<\/p>\n<p class=\"continue-reading-button\"> <a class=\"continue-reading-link\" href=\"http:\/\/usvhofamtpriel.at\/?page_id=21\">mehr<i class=\"crycon-right-dir\"><\/i><\/a><\/p>\n","protected":false},"author":1,"featured_media":0,"parent":0,"menu_order":0,"comment_status":"open","ping_status":"open","template":"","meta":[],"_links":{"self":[{"href":"http:\/\/usvhofamtpriel.at\/index.php?rest_route=\/wp\/v2\/pages\/21"}],"collection":[{"href":"http:\/\/usvhofamtpriel.at\/index.php?rest_route=\/wp\/v2\/pages"}],"about":[{"href":"http:\/\/usvhofamtpriel.at\/index.php?rest_route=\/wp\/v2\/types\/page"}],"author":[{"embeddable":true,"href":"http:\/\/usvhofamtpriel.at\/index.php?rest_route=\/wp\/v2\/users\/1"}],"replies":[{"embeddable":true,"href":"http:\/\/usvhofamtpriel.at\/index.php?rest_route=%2Fwp%2Fv2%2Fcomments&post=21"}],"version-history":[{"count":9,"href":"http:\/\/usvhofamtpriel.at\/index.php?rest_route=\/wp\/v2\/pages\/21\/revisions"}],"predecessor-version":[{"id":4189,"href":"http:\/\/usvhofamtpriel.at\/index.php?rest_route=\/wp\/v2\/pages\/21\/revisions\/4189"}],"wp:attachment":[{"href":"http:\/\/usvhofamtpriel.at\/index.php?rest_route=%2Fwp%2Fv2%2Fmedia&parent=21"}],"curies":[{"name":"wp","href":"https:\/\/api.w.org\/{rel}","templated":true}]}}