{"id":19,"date":"2014-04-06T12:53:19","date_gmt":"2014-04-06T10:53:19","guid":{"rendered":"http:\/\/usvhofamtpriel.at\/?page_id=19"},"modified":"2016-06-21T07:54:42","modified_gmt":"2016-06-21T05:54:42","slug":"beachvolleyball","status":"publish","type":"page","link":"http:\/\/usvhofamtpriel.at\/?page_id=19","title":{"rendered":"Beachvolleyball &#8211; NEWS"},"content":{"rendered":"<ul class=\"thumbnails\" style=\"width: 100%;\">\n<li>\n<h5><a href=\"http:\/\/usvhofamtpriel.at\/?p=3277\">Die Biene Maya Fans (Miscanthus F.A.R.M.) sind Beach Gemeindemeister 2015<\/a><\/h5>\n<p><span class=\"pe-creation-date\">18. August 2015<\/span> Am Samstag, den 15. August 2015 trafen sich Vereine und Gewerbetreibende der Gemeinde Hofamt Priel bei hei\u00dfen Temperaturen von bis zu 38\u00b0 auf der Beachanlage um den Titel \u201eBeach Gemeindemeister 2015\u201c zu k\u00fcren. Es wurde wie jedes Jahr um den gro\u00dfen Wanderpokal gek\u00e4mpft. Trotz der br\u00fctenden Hitze am CenterCourt durften \u2026 mehr&#8230; <a class=\"readmore\" href=\"http:\/\/usvhofamtpriel.at\/?p=3277\">Read more<\/a><\/li>\n<\/ul>\n<ul class=\"thumbnails\" style=\"width: 100%;\">\n<li>\n<h5><a href=\"http:\/\/usvhofamtpriel.at\/?p=3044\">Beachvolleyball Herren Grand Slam in Hofamt Priel<\/a><\/h5>\n<p><span class=\"pe-creation-date\">26. Juli 2015<\/span> Am Sonntag, 26. Juli 2015 fand das Damen- und Herren-Beachturnier unter hervorragenden Wetterbedingungen statt. Aufgrund der Tatsache, dass sich nur zwei Damenteams anmeldeten, wurde die Damenwertung am Samstag zuvor abgesagt. Umso mehr standen die Spiele der Herren im Mittelpunkt, welche durch professionelle\u00a0Ballwechsel das Publikum beeindruckten. 7 Herrenteams baggerten, pritschten und \u2026 mehr&#8230; <a class=\"readmore\" href=\"http:\/\/usvhofamtpriel.at\/?p=3044\">Read more<\/a><\/li>\n<\/ul>\n<ul class=\"thumbnails\" style=\"width: 100%;\">\n<li>\n<h5><a href=\"http:\/\/usvhofamtpriel.at\/?p=3035\">EINLADUNG: Beach Gemeindemeisterschaft 2015<\/a><\/h5>\n<p><span class=\"pe-creation-date\">19. Juli 2015<\/span> Sehr geehrte Gewerbetreibende der Gemeinde Hofamt Priel und gemeindenahe Gewerbetreibende! Liebe Vereinskollegen! Wir \u2013 die Sektion Beach Volleyball des USV Hofamt Priels \u2013 laden am Samstag, 15. August 2015 ab 13:30 Uhr zur Beach Gemeindemeisterschaft ein! 3er-Teams k\u00e4mpfen um den Ehrentitel \u201eGemeindemeister\u201c in der hei\u00dfen Sandkiste am Sportplatz der Gemeinde. \u2026 mehr&#8230; <a class=\"readmore\" href=\"http:\/\/usvhofamtpriel.at\/?p=3035\">Read more<\/a><\/li>\n<\/ul>\n<ul class=\"thumbnails\" style=\"width: 100%;\">\n<li>\n<h5><a href=\"http:\/\/usvhofamtpriel.at\/?p=3000\">EINLADUNG: Damen- &amp; Herren-Beachturnier 2015<\/a><\/h5>\n<p><span class=\"pe-creation-date\">6. Juli 2015<\/span> An alle Beachvolleyball-SpielerInnen! Am Sonntag, 26. Juli 2015 ab 10:30 Uhr laden wir zum\u00a0Damen- und Herren-Beachturnier\u00a0in Hofamt Priel mit getrennter Wertung ein! \u2013 2 SpielerInnen pro Team \u2013 \u20ac 15,\u2013 Startgeld pro Team \u2013 Pr\u00e4mierung der jeweils ersten 3 Pl\u00e4tze Bei hoffentlich sch\u00f6nem Wetter freuen wir uns auf viele spannende \u2026 mehr&#8230; <a class=\"readmore\" href=\"http:\/\/usvhofamtpriel.at\/?p=3000\">Read more<\/a><\/li>\n<\/ul>\n<ul class=\"thumbnails\" style=\"width: 100%;\">\n<li>\n<h5><a href=\"http:\/\/usvhofamtpriel.at\/?p=2962\">Hei\u00dfer Sand &amp; tolle Spiele<\/a><\/h5>\n<p><span class=\"pe-creation-date\">5. Juli 2015<\/span> Am hei\u00dfesten Tag des ersten Juli-Wochenendes (Sonntag, 5.7.2015)\u00a0fand in Hofamt Priel das Beach Hobby-Mixed-Turnier statt. Trotz der gro\u00dfen Hitze am Nachmittag stellten sich 8 Teams der Herausforderung. Mit besonders gro\u00dfer Freude durften G\u00e4ste aus Euratsfeld, N\u00f6chling und Waldhausen begr\u00fc\u00dft werden. Anf\u00e4nglich war die Sandanlage so hei\u00df, dass man diese beinahe \u2026 mehr&#8230; <a class=\"readmore\" href=\"http:\/\/usvhofamtpriel.at\/?p=2962\">Read more<\/a><\/li>\n<\/ul>\n<ul class=\"thumbnails\" style=\"width: 100%;\">\n<li>\n<h5><a href=\"http:\/\/usvhofamtpriel.at\/?p=2899\">EINLADUNG: Beach Hobby-Mixed-Turnier 2015<\/a><\/h5>\n<p><span class=\"pe-creation-date\">8. Juni 2015<\/span> An alle Beachvolleyball-SpielerInnen! Am Sonntag, 5.\u00a0Juli 2015 ab 13:30 Uhr veranstalten wir ein Beach Hobby-Mixed-Turnier. 2 Spieler pro Team (1 Dame + 1 Herr) Nenngeld: \u20ac 15,\u2013 pro Team Um Anmeldung bis sp\u00e4testens Mittwoch, 1.\u00a0Juli 2015 unter beachvolley-hofamtpriel@gmx.at oder 0680\/130 84 29 (Sektionsleiter Emanuel Hofst\u00e4tter) wird gebeten! Wir sehen uns \u2026 mehr&#8230; <a class=\"readmore\" href=\"http:\/\/usvhofamtpriel.at\/?p=2899\">Read more<\/a><\/li>\n<\/ul>\n<ul class=\"thumbnails\" style=\"width: 100%;\">\n<li>\n<h5><a href=\"http:\/\/usvhofamtpriel.at\/?p=2812\">Vereinsinternes Beachturnier<\/a><\/h5>\n<p><span class=\"pe-creation-date\">15. Mai 2015<\/span> Das diesj\u00e4hrige vereinsinterne Beachturnier\u00a0am Donnerstag, 14. Mai war ein voller Erfolg. Sechs Teams trafen sich bei strahlendem Sonnenschein und nahezu st\u00e4ndiger Windstille zu spannenden Matches. W\u00e4hrend des Spielbetriebes wurden die Spielerinnen und Spieler mit allerlei K\u00f6stlichkeiten, wie Baguette, Toast, selbstgebackenem Kuchen und Roulade versorgt. Der Spieleifer war selbst nach Ende \u2026 mehr&#8230; <a class=\"readmore\" href=\"http:\/\/usvhofamtpriel.at\/?p=2812\">Read more<\/a><\/li>\n<\/ul>\n<ul class=\"thumbnails\" style=\"width: 100%;\">\n<li>\n<h5><a href=\"http:\/\/usvhofamtpriel.at\/?p=2797\">Beachsaison 2015 ist er\u00f6ffnet!<\/a><\/h5>\n<p><span class=\"pe-creation-date\">25. April 2015<\/span> Heute wurde unsere Beachanlage f\u00fcr die Beachsaison 2015 er\u00f6ffnet! Neben dem Aufbau der Beachfelder geh\u00f6ren auch die Hausreinigung sowie das Rasenm\u00e4hen zu den T\u00e4tigkeiten, welche zu Beginn von den Vereinsmitgliedern zu erledigen sind. Ein gro\u00dfes Dankesch\u00f6n an die wenigen H\u00e4nde, die heute zusammengeholfen haben und somit alle Arbeiten erledigten!!!! Nach \u2026 mehr&#8230; <a class=\"readmore\" href=\"http:\/\/usvhofamtpriel.at\/?p=2797\">Read more<\/a><\/li>\n<\/ul>\n<ul class=\"thumbnails\" style=\"width: 100%;\">\n<li><a title=\"Beachsaison 2014 \u2013 Ein R\u00fcckblick\" href=\"http:\/\/usvhofamtpriel.at\/?p=2359\"><img decoding=\"async\" loading=\"lazy\" class=\"attachment-medium size-medium wp-post-image\" src=\"http:\/\/usvhofamtpriel.at\/wp-content\/uploads\/2014\/10\/WP_20141004_001-300x168.jpg\" sizes=\"(max-width: 300px) 100vw, 300px\" srcset=\"http:\/\/usvhofamtpriel.at\/wp-content\/uploads\/2014\/10\/WP_20141004_001-300x168.jpg 300w, http:\/\/usvhofamtpriel.at\/wp-content\/uploads\/2014\/10\/WP_20141004_001-1024x574.jpg 1024w, http:\/\/usvhofamtpriel.at\/wp-content\/uploads\/2014\/10\/WP_20141004_001-250x140.jpg 250w, http:\/\/usvhofamtpriel.at\/wp-content\/uploads\/2014\/10\/WP_20141004_001-150x84.jpg 150w\" alt=\"winterfeste Beachanlage\" width=\"300\" height=\"168\" \/><\/a><br \/>\n<h5><a href=\"http:\/\/usvhofamtpriel.at\/?p=2359\">Beachsaison 2014 \u2013 Ein R\u00fcckblick<\/a><\/h5>\n<p><span class=\"pe-creation-date\">4. Oktober 2014<\/span> Seit Samstag, 4. Oktober 2014 ist die Beachanlage winterfest! Von Mai bis September ist unsere Beachanlage ein Ort des Treffpunkts f\u00fcr Beachvolleyballer und Freunde zum gemeinsamen Beachen und gem\u00fctlichen Zusammensitzen. Neben dem w\u00f6chentlichen Fixtermin zum Beachvolleyball-Training donnerstagabends freut es uns ganz besonders, dass wir auf recht erfolgreiche Beach-Veranstaltungen zur\u00fcckblicken k\u00f6nnen. \u2026 mehr&#8230; <a class=\"readmore\" href=\"http:\/\/usvhofamtpriel.at\/?p=2359\">Read more<\/a><\/li>\n<\/ul>\n","protected":false},"excerpt":{"rendered":"<p>Die Biene Maya Fans (Miscanthus F.A.R.M.) sind Beach Gemeindemeister 2015 18. August 2015 Am Samstag, den 15. August 2015 trafen sich Vereine und Gewerbetreibende der Gemeinde Hofamt Priel bei hei\u00dfen Temperaturen von bis zu 38\u00b0 auf der Beachanlage um den Titel \u201eBeach Gemeindemeister 2015\u201c zu k\u00fcren. Es wurde wie jedes\u2026<\/p>\n<p class=\"continue-reading-button\"> <a class=\"continue-reading-link\" href=\"http:\/\/usvhofamtpriel.at\/?page_id=19\">mehr<i class=\"crycon-right-dir\"><\/i><\/a><\/p>\n","protected":false},"author":1,"featured_media":0,"parent":0,"menu_order":0,"comment_status":"open","ping_status":"closed","template":"","meta":[],"_links":{"self":[{"href":"http:\/\/usvhofamtpriel.at\/index.php?rest_route=\/wp\/v2\/pages\/19"}],"collection":[{"href":"http:\/\/usvhofamtpriel.at\/index.php?rest_route=\/wp\/v2\/pages"}],"about":[{"href":"http:\/\/usvhofamtpriel.at\/index.php?rest_route=\/wp\/v2\/types\/page"}],"author":[{"embeddable":true,"href":"http:\/\/usvhofamtpriel.at\/index.php?rest_route=\/wp\/v2\/users\/1"}],"replies":[{"embeddable":true,"href":"http:\/\/usvhofamtpriel.at\/index.php?rest_route=%2Fwp%2Fv2%2Fcomments&post=19"}],"version-history":[{"count":15,"href":"http:\/\/usvhofamtpriel.at\/index.php?rest_route=\/wp\/v2\/pages\/19\/revisions"}],"predecessor-version":[{"id":4216,"href":"http:\/\/usvhofamtpriel.at\/index.php?rest_route=\/wp\/v2\/pages\/19\/revisions\/4216"}],"wp:attachment":[{"href":"http:\/\/usvhofamtpriel.at\/index.php?rest_route=%2Fwp%2Fv2%2Fmedia&parent=19"}],"curies":[{"name":"wp","href":"https:\/\/api.w.org\/{rel}","templated":true}]}}