{"id":1739,"date":"2014-07-28T07:26:51","date_gmt":"2014-07-28T05:26:51","guid":{"rendered":"http:\/\/usvhofamtpriel.at\/?page_id=1739"},"modified":"2014-12-15T11:45:23","modified_gmt":"2014-12-15T09:45:23","slug":"edlseer-weihnachtskonzert","status":"publish","type":"page","link":"http:\/\/usvhofamtpriel.at\/?page_id=1739","title":{"rendered":"Edlseer Weihnachtskonzert"},"content":{"rendered":"<p><a href=\"http:\/\/usvhofamtpriel.at\/wp-content\/uploads\/2014\/12\/DSC00624.jpg\"><img decoding=\"async\" loading=\"lazy\" class=\"alignright wp-image-2595\" src=\"http:\/\/usvhofamtpriel.at\/wp-content\/uploads\/2014\/12\/DSC00624.jpg\" alt=\"DSC00624\" width=\"401\" height=\"267\" srcset=\"http:\/\/usvhofamtpriel.at\/wp-content\/uploads\/2014\/12\/DSC00624.jpg 3888w, http:\/\/usvhofamtpriel.at\/wp-content\/uploads\/2014\/12\/DSC00624-300x200.jpg 300w, http:\/\/usvhofamtpriel.at\/wp-content\/uploads\/2014\/12\/DSC00624-1024x682.jpg 1024w, http:\/\/usvhofamtpriel.at\/wp-content\/uploads\/2014\/12\/DSC00624-225x150.jpg 225w, http:\/\/usvhofamtpriel.at\/wp-content\/uploads\/2014\/12\/DSC00624-150x100.jpg 150w\" sizes=\"(max-width: 401px) 100vw, 401px\" \/><\/a>Leise rieselt der Schnee. Feliz Navidad. Ave Maria. Beim USV Hofamt Priel herrscht sp\u00e4testens seit dem schwungvoll ruhigen Konzert von DIE EDLSEER Weihnachtsstimmung.<\/p>\n<p>Erstmals lud der Sportverein zu einem Weihnachtskonzert auf die neu ausgebaute Sportanlage. Das Konzert ging am 6. Dezember \u00fcber die B\u00fchne und wurde toll vom Publikum angenommen. Unterhalten wurden die Besucher von der steirischen Band DIE EDLSEER, welche neben ihrer Weihnachtstour 2014 zu diesem exklusiven Konzert in Nieder\u00f6sterreich zu Gast waren.<\/p>\n<p>Bereits eine Stunde vor Einlass trafen die ersten Musikbegeisterten in Hofamt Priel ein und wurden von der Crew des Sportvereins mit einem Gl\u00e4schen Sekt empfangen. Auch kulinarisch wurde unseren G\u00e4sten unter anderem mit Gulasch, Bluzengr\u00f6stl, Erd\u00e4pfelsuppe und Br\u00f6tchen vom K\u00fcchenteam einiges geboten und so die Wartezeit verk\u00fcrzt.<\/p>\n<p>P\u00fcnktlich um 20.00 Uhr betraten DIE EDLSEER die B\u00fchne und rissen gleich mit ihrem ersten Lied das Publikum von ihren Sitzpl\u00e4tzen. Im ersten Teil des Konzerts spielte die Band eine Auswahl ihrer gr\u00f6\u00dften Hits und sorgte f\u00fcr tolle Stimmung in der Stocksport- und Veranstaltungshalle. Bestens unterhalten klatschten und schunkelten sich die musikbegeisterten Zuh\u00f6rer in die Pause.<\/p>\n<p>Nach dieser kurzen Unterbrechung folgte dann der besinnlich-weihnachtliche Teil dieses Konzertabends, in welchem DIE EDLSEER das Publikum bei Kerzenlicht mit Weihnachtsliedern und Geschichten auf die Adventzeit einstimmten.<\/p>\n<p>Der USV Hofamt Priel m\u00f6chte sich bei allen Besuchern f\u00fcr ihr Kommen und die tolle Stimmung bedanken.<\/p>\n<p><img decoding=\"async\" class=\"ngg_displayed_gallery mceItem\" src=\"http:\/\/usvhofamtpriel.at\/index.php\/nextgen-attach_to_post\/preview\/id--2590\" alt=\"\" \/><\/p>\n<p>&nbsp;<\/p>\n<p style=\"text-align: center;\"><a href=\"http:\/\/www.noen.at\/fotos-events\/fotos\/lokal\/cme115070,1759036\" target=\"_blank\">Weitere Fotos gibt&#8217;s auch auf der Website der N\u00d6N!<\/a><\/p>\n<p>&nbsp;<\/p>\n<p><img decoding=\"async\" loading=\"lazy\" class=\"aligncenter wp-image-1740\" src=\"http:\/\/usvhofamtpriel.at\/wp-content\/uploads\/2014\/07\/Plakat-Edlseer.jpg\" alt=\"Plakat Edlseer\" width=\"400\" height=\"568\" srcset=\"http:\/\/usvhofamtpriel.at\/wp-content\/uploads\/2014\/07\/Plakat-Edlseer.jpg 1748w, http:\/\/usvhofamtpriel.at\/wp-content\/uploads\/2014\/07\/Plakat-Edlseer-211x300.jpg 211w, http:\/\/usvhofamtpriel.at\/wp-content\/uploads\/2014\/07\/Plakat-Edlseer-721x1024.jpg 721w, http:\/\/usvhofamtpriel.at\/wp-content\/uploads\/2014\/07\/Plakat-Edlseer-105x150.jpg 105w\" sizes=\"(max-width: 400px) 100vw, 400px\" \/><\/p>\n","protected":false},"excerpt":{"rendered":"<p>Leise rieselt der Schnee. Feliz Navidad. Ave Maria. Beim USV Hofamt Priel herrscht sp\u00e4testens seit dem schwungvoll ruhigen Konzert von DIE EDLSEER Weihnachtsstimmung. Erstmals lud der Sportverein zu einem Weihnachtskonzert auf die neu ausgebaute Sportanlage. Das Konzert ging am 6. Dezember \u00fcber die B\u00fchne und wurde toll vom Publikum angenommen.\u2026<\/p>\n<p class=\"continue-reading-button\"> <a class=\"continue-reading-link\" href=\"http:\/\/usvhofamtpriel.at\/?page_id=1739\">mehr<i class=\"crycon-right-dir\"><\/i><\/a><\/p>\n","protected":false},"author":1,"featured_media":0,"parent":1746,"menu_order":0,"comment_status":"closed","ping_status":"closed","template":"","meta":[],"_links":{"self":[{"href":"http:\/\/usvhofamtpriel.at\/index.php?rest_route=\/wp\/v2\/pages\/1739"}],"collection":[{"href":"http:\/\/usvhofamtpriel.at\/index.php?rest_route=\/wp\/v2\/pages"}],"about":[{"href":"http:\/\/usvhofamtpriel.at\/index.php?rest_route=\/wp\/v2\/types\/page"}],"author":[{"embeddable":true,"href":"http:\/\/usvhofamtpriel.at\/index.php?rest_route=\/wp\/v2\/users\/1"}],"replies":[{"embeddable":true,"href":"http:\/\/usvhofamtpriel.at\/index.php?rest_route=%2Fwp%2Fv2%2Fcomments&post=1739"}],"version-history":[{"count":13,"href":"http:\/\/usvhofamtpriel.at\/index.php?rest_route=\/wp\/v2\/pages\/1739\/revisions"}],"predecessor-version":[{"id":2608,"href":"http:\/\/usvhofamtpriel.at\/index.php?rest_route=\/wp\/v2\/pages\/1739\/revisions\/2608"}],"up":[{"embeddable":true,"href":"http:\/\/usvhofamtpriel.at\/index.php?rest_route=\/wp\/v2\/pages\/1746"}],"wp:attachment":[{"href":"http:\/\/usvhofamtpriel.at\/index.php?rest_route=%2Fwp%2Fv2%2Fmedia&parent=1739"}],"curies":[{"name":"wp","href":"https:\/\/api.w.org\/{rel}","templated":true}]}}