{"id":15,"date":"2014-04-06T12:47:12","date_gmt":"2014-04-06T10:47:12","guid":{"rendered":"http:\/\/usvhofamtpriel.at\/?page_id=15"},"modified":"2016-06-21T14:03:03","modified_gmt":"2016-06-21T12:03:03","slug":"geschichte-des-usv","status":"publish","type":"page","link":"http:\/\/usvhofamtpriel.at\/?page_id=15","title":{"rendered":"Geschichte des USV"},"content":{"rendered":"<p>1979 fanden sich einige fu\u00dfballbegeisterte und trafen sich regelm\u00e4\u00dfig auf einer schiefen Wiese (Brandtner Wiese) in Kleehof um Fu\u00dfball zu spielen. Die erste Sitzung des Vereines fand am 23. J\u00e4nner 1981 im Gh. Bamberger, Rote S\u00e4ge statt. Das Interesse wurde immer gr\u00f6\u00dfer und man suchte gemeinsam mit den damaligen B\u00fcrgermeister Leopold Heilingbrunner und Vizeb\u00fcrgermeister Franz Edelbauer und Obmann Josef Baumberger einen geeigneten Standort f\u00fcr eine Sportanlage.<\/p>\n<p>Nach langem Suchen wurde ein geeigneter Platz in Rottenberg-Viehtrift gefunden. 1982 wurde mit dem Bau der Sportanlage begonnen.<\/p>\n<p>Am 17.1.1988 wurde der Verein gegr\u00fcndet und unter Obmann Josef Baumberger der Verein stetig ausgebaut. Es wurde mit unz\u00e4hligen freiwilligen Arbeitsstunden von Vereinsmitgliedern und freiwilligen Helfern ein Clubhaus und ein Fu\u00dfballplatz errichtet. Zur gleichen Zeit fanden sich auch einige begeisterte Stocksch\u00fctzen und es wurde eine 4-bahninge Asphaltstockanlage miterrichtet. Die Er\u00f6ffnung der Sportanlage fand am 07.09.1990 statt.<\/p>\n<p>Am 24.04.1994 wurde der Vereinsname ge\u00e4ndert auf UNION SPORTVEREIN HOFAMT PRIEL und somit die Mitgliedschaft bei der N\u00d6 Sportunion begonnen.<\/p>\n<p><span style=\"text-decoration: underline;\">Durch immer vielseitigere Interessen wurden nach und nach neue Sektionen gegr\u00fcndet:<\/span><\/p>\n<ul>\n<li>Fu\u00dfball &#8211; seit 1979<a href=\"http:\/\/usvhofamtpriel.at\/wp-content\/uploads\/2014\/04\/Sportunion.jpg\"><img decoding=\"async\" loading=\"lazy\" width=\"157\" height=\"160\" class=\"wp-image-155 alignright\" alt=\"Sportunion\" src=\"http:\/\/usvhofamtpriel.at\/wp-content\/uploads\/2014\/04\/Sportunion-296x300.jpg\" sizes=\"(max-width: 157px) 100vw, 157px\" srcset=\"http:\/\/usvhofamtpriel.at\/wp-content\/uploads\/2014\/04\/Sportunion-296x300.jpg 296w, http:\/\/usvhofamtpriel.at\/wp-content\/uploads\/2014\/04\/Sportunion-148x150.jpg 148w, http:\/\/usvhofamtpriel.at\/wp-content\/uploads\/2014\/04\/Sportunion.jpg 591w\"><\/a><\/li>\n<li>Stocksport &#8211; seit 1989<\/li>\n<li>Tischtennis &#8211; seit 1999<\/li>\n<li>Nordic Walking &#8211; 2002 bis 2014<\/li>\n<li>Damenfu\u00dfball &#8211; seit 2002<\/li>\n<li>Beachvolleyball &#8211; seit 2004<\/li>\n<\/ul>\n<h3><span style=\"color: rgb(200, 19, 60);\">Chronik<\/span><\/h3>\n<table>\n<tbody>\n<tr>\n<td width=\"69\">1979<\/td>\n<td width=\"696\">Erster notd\u00fcrftiger Sportplatz \u201eBraundner Wiese\u201c in Kleehof<\/td>\n<\/tr>\n<tr>\n<td width=\"69\">1986<\/td>\n<td width=\"696\">Beginn Errichtung Fu\u00dfballplatz, Kabinen und Clubraum<\/td>\n<\/tr>\n<tr>\n<td width=\"69\">1988<\/td>\n<td width=\"696\">Gr\u00fcndung des Sportvereins im J\u00e4nner 1988 \u2013 Hobbyfu\u00dfballclub FC Hofamt Priel,<br \/>\nObmann Josef Baumberger<\/td>\n<\/tr>\n<tr>\n<td width=\"69\">1989<\/td>\n<td width=\"696\">Gr\u00fcndung Sektion Stocksport<br \/>\nErrichtung Asphaltstockanlage<br \/>\n1. Sportfest<\/td>\n<\/tr>\n<tr>\n<td width=\"69\">1990<\/td>\n<td width=\"696\">Er\u00f6ffnung Vereinshaus und Fu\u00dfballkabinen<\/td>\n<\/tr>\n<tr>\n<td width=\"69\">1991<\/td>\n<td width=\"696\">Errichtung Zubau K\u00fcche<\/td>\n<\/tr>\n<tr>\n<td width=\"69\">1994<\/td>\n<td width=\"696\">\u00c4nderung Vereinsname auf UNION SPORTVEREIN HOFAMT PRIEL<br \/>\nMitgliedschaft N\u00d6 Sportunion<\/td>\n<\/tr>\n<tr>\n<td width=\"69\">1999<\/td>\n<td width=\"696\">Gr\u00fcndung Sektion Tischtennis<\/td>\n<\/tr>\n<tr>\n<td width=\"69\">2002<\/td>\n<td width=\"696\">Franz Eder Gedenkturnier<br \/>\nGr\u00fcndung Sektion Nordic Walking<br \/>\nGr\u00fcndung Damenfu\u00dfball<\/td>\n<\/tr>\n<tr>\n<td width=\"69\">2004<\/td>\n<td width=\"696\">Gr\u00fcndung Sektion Beachvolleyball<\/td>\n<\/tr>\n<tr>\n<td width=\"69\">2009<\/td>\n<td width=\"696\">Sanierung Sportplatz, Errichtung Trib\u00fcne, Errichtung Beregnungsanlage<br \/>\n20. Sportfest \u2013 Jubil\u00e4umssportfest<\/td>\n<\/tr>\n<tr>\n<td width=\"69\">2011<\/td>\n<td width=\"696\">Errichtung Stocksport- und Veranstaltungshalle, Errichtung neue Fu\u00dfballkabinen<br \/>\n22. Sportfest \u2013 Neuer\u00f6ffnung<\/td>\n<\/tr>\n<tr>\n<td width=\"69\">2014<\/td>\n<td width=\"696\">Stilllegung Sektion Nordic Walking<br \/>\nErrichtung bzw. Vergr\u00f6\u00dferung Parkplatz<br \/>\n25. Sportfest<br \/>\nexklusives Weihnachtskonzert der Edlseer<\/td>\n<\/tr>\n<tr>\n<td width=\"69\">2015<\/td>\n<td width=\"696\">Neuer Obmann: Lukas Bachinger<\/td>\n<\/tr>\n<tr>\n<td width=\"69\">2016<\/td>\n<td width=\"696\">Gr\u00fcndung der Zweigvereine<br \/>\n&nbsp;&#8211; Union Beachvolleyballverein Hofamt Priel<br \/>\n&nbsp;&#8211; Union Fu\u00dfballverein Hofamt Priel<br \/>\n&nbsp;&#8211; Union Eissch\u00fctzenverein Hofamt Priel<br \/>\n&nbsp;&#8211; Union Tischtennisverein Hofamt Priel<\/p>\n<\/td>\n<\/tr>\n<\/tbody>\n<\/table>\n","protected":false},"excerpt":{"rendered":"<p>1979 fanden sich einige fu\u00dfballbegeisterte und trafen sich regelm\u00e4\u00dfig auf einer schiefen Wiese (Brandtner Wiese) in Kleehof um Fu\u00dfball zu spielen. Die erste Sitzung des Vereines fand am 23. J\u00e4nner 1981 im Gh. Bamberger, Rote S\u00e4ge statt. Das Interesse wurde immer gr\u00f6\u00dfer und man suchte gemeinsam mit den damaligen B\u00fcrgermeister\u2026<\/p>\n<p class=\"continue-reading-button\"> <a class=\"continue-reading-link\" href=\"http:\/\/usvhofamtpriel.at\/?page_id=15\">mehr<i class=\"crycon-right-dir\"><\/i><\/a><\/p>\n","protected":false},"author":1,"featured_media":0,"parent":11,"menu_order":0,"comment_status":"open","ping_status":"open","template":"","meta":[],"_links":{"self":[{"href":"http:\/\/usvhofamtpriel.at\/index.php?rest_route=\/wp\/v2\/pages\/15"}],"collection":[{"href":"http:\/\/usvhofamtpriel.at\/index.php?rest_route=\/wp\/v2\/pages"}],"about":[{"href":"http:\/\/usvhofamtpriel.at\/index.php?rest_route=\/wp\/v2\/types\/page"}],"author":[{"embeddable":true,"href":"http:\/\/usvhofamtpriel.at\/index.php?rest_route=\/wp\/v2\/users\/1"}],"replies":[{"embeddable":true,"href":"http:\/\/usvhofamtpriel.at\/index.php?rest_route=%2Fwp%2Fv2%2Fcomments&post=15"}],"version-history":[{"count":31,"href":"http:\/\/usvhofamtpriel.at\/index.php?rest_route=\/wp\/v2\/pages\/15\/revisions"}],"predecessor-version":[{"id":4219,"href":"http:\/\/usvhofamtpriel.at\/index.php?rest_route=\/wp\/v2\/pages\/15\/revisions\/4219"}],"up":[{"embeddable":true,"href":"http:\/\/usvhofamtpriel.at\/index.php?rest_route=\/wp\/v2\/pages\/11"}],"wp:attachment":[{"href":"http:\/\/usvhofamtpriel.at\/index.php?rest_route=%2Fwp%2Fv2%2Fmedia&parent=15"}],"curies":[{"name":"wp","href":"https:\/\/api.w.org\/{rel}","templated":true}]}}