{"id":131,"date":"2014-04-12T20:25:16","date_gmt":"2014-04-12T18:25:16","guid":{"rendered":"http:\/\/usvhofamtpriel.at\/?page_id=131"},"modified":"2018-10-13T08:18:11","modified_gmt":"2018-10-13T06:18:11","slug":"erfolge-herren","status":"publish","type":"page","link":"http:\/\/usvhofamtpriel.at\/?page_id=131","title":{"rendered":"Chronik Herren"},"content":{"rendered":"<p>Der USV Hofamt Priel verdankt sein Bestehen ein paar fu\u00dfballbegeisterten Kickern. Die Sektion wurde bereits vor \u00fcber 30 Jahren gegr\u00fcndet, n\u00e4mlich im Jahr 1979.<a href=\"http:\/\/usvhofamtpriel.at\/wp-content\/uploads\/2014\/04\/P1040883.jpg\"><img decoding=\"async\" loading=\"lazy\" width=\"300\" height=\"225\" class=\"alignright wp-image-887\" alt=\"P1040883\" src=\"http:\/\/usvhofamtpriel.at\/wp-content\/uploads\/2014\/04\/P1040883.jpg\" srcset=\"http:\/\/usvhofamtpriel.at\/wp-content\/uploads\/2014\/04\/P1040883-300x225.jpg 300w, http:\/\/usvhofamtpriel.at\/wp-content\/uploads\/2014\/04\/P1040883-1024x768.jpg 1024w, http:\/\/usvhofamtpriel.at\/wp-content\/uploads\/2014\/04\/P1040883-200x150.jpg 200w, http:\/\/usvhofamtpriel.at\/wp-content\/uploads\/2014\/04\/P1040883.jpg 2560w\" sizes=\"(max-width: 300px) 100vw, 300px\"><\/a><\/p>\n<p>In den darauf folgenden Jahren wurde an der Sportanlage gearbeitet und der Verein aufgebaut. Anschlie\u00dfend folgten zahlreiche Freundschaftsspiele sowie Turniere. In den 90er Jahren wurde der Waldviertel-Donau-Cup gegr\u00fcndet, wo die Fu\u00dfball-Herren ihr K\u00f6nnen unter Beweis stellten. 1997 wurde die Erlauftaler Hobbyliga gegr\u00fcndet, wobei unsere Herren so erfolgreich waren, dass 2005 sogar der gro\u00dfe Wanderpokal f\u00fcr Hofamt Priel gesichert wurde. Im Sommer 2015 fusionierte die Erlauftaler Fu\u00dfballliga mit der Melktaler Hobbyliga.&nbsp; Ab sofort wird die Melktaler Fu\u00dfballliga im 2 Ligensystem gef\u00fchrt, wobei jeweils zwei Mannschaften auf- und absteigen k\u00f6nnen. Dadurch bleibt die Liga besonders spannend und wir freuen uns auf viele weitere gute und vor allem faire und verletzungsfreie Matches.<\/p>\n<table>\n<tbody>\n<tr>\n<td width=\"69\">1979<\/td>\n<td width=\"684\">Gr\u00fcndung der Fu\u00dfballmannschaft USV Hofamt Priel im Sommer 1979<\/td>\n<\/tr>\n<tr>\n<td width=\"69\">1990<\/td>\n<td width=\"684\">Hallenturniersieg in Obergrafendorf<br \/>\n2x Turniersieg in Hofamt Priel<\/td>\n<\/tr>\n<tr>\n<td width=\"69\">1991<\/td>\n<td width=\"684\">Hallenturniersieg in Obergrafendorf<br \/>\n2x Turniersieg in Hofamt Priel<\/td>\n<\/tr>\n<tr>\n<td width=\"69\">1992<\/td>\n<td width=\"684\">Gr\u00fcndung des Waldviertel-Donau-Cups<br \/>\nTurniersieg in St. Oswald<br \/>\n2x Turniersieg in Hofamt Priel<\/td>\n<\/tr>\n<tr>\n<td width=\"69\">1993<\/td>\n<td width=\"684\">Turniersieg des Waldviertel-Donau-Cup in Hofamt Priel<br \/>\nTurniersieg in St. Oswald<br \/>\nTurniersieg beim UFC Gottsdorf<br \/>\nTurniersieg in Hofamt Priel beim Zeltfest<br \/>\nTurniersieg in Dimbach<\/td>\n<\/tr>\n<tr>\n<td width=\"69\">1994<\/td>\n<td width=\"684\">Turniersieg beim UFC Gottsdorf<\/td>\n<\/tr>\n<tr>\n<td width=\"69\">1995<\/td>\n<td width=\"684\">Turniersieg in Laimbach<br \/>\n<strong>Meister des Waldviertel-Donau-Cups (Saison 94\/95)<\/strong> inklusive Siegesfeier in Hofamt Priel<br \/>\nTurniersieg in Gottsdorf<\/td>\n<\/tr>\n<tr>\n<td width=\"69\">1996<\/td>\n<td width=\"684\">Turniersieg in Hofamt Priel<br \/>\nTurniersieg in Matzleinsdorf<\/td>\n<\/tr>\n<tr>\n<td width=\"69\">1997<\/td>\n<td width=\"684\">Gr\u00fcndung der Erlauftaler Hobbyliga<br \/>\nTurniersieg in Hofamt Priel<br \/>\nTurniersieg in St. Oswald<br \/>\nTurniersieg bei FC \u00d6tscherblick<br \/>\n<strong>Meister der Erlauftaler Hobbyliga (Saison 1997)<\/strong><\/td>\n<\/tr>\n<tr>\n<td width=\"69\">1998<\/td>\n<td width=\"684\">Turniersieg in Hofamt Priel<br \/>\nTurniersieg in St. Oswald<\/td>\n<\/tr>\n<tr>\n<td width=\"69\">1999<\/td>\n<td width=\"684\">Turniersieg in Hofamt Priel<br \/>\nTurniersieg in Matzleinsdorf<br \/>\nTurniersieg in Hofamt Priel beim Zeltfest<\/td>\n<\/tr>\n<tr>\n<td width=\"69\">2000<\/td>\n<td width=\"684\">Turniersieg in St. Oswald<\/td>\n<\/tr>\n<\/tbody>\n<tbody>\n<tr>\n<td width=\"69\">2001<\/td>\n<td width=\"684\">Turniersieg in Matzleinsdorf<br \/>\nTurniersieg in Hofamt Priel beim Zeltfest<\/td>\n<\/tr>\n<tr>\n<td width=\"69\">2003<\/td>\n<td width=\"684\">Hallenturniersieg in Ybbs beim Turnier der Young Boys<\/td>\n<\/tr>\n<tr>\n<td width=\"69\">2004<\/td>\n<td width=\"684\">Turniersieg in St. Oswald<br \/>\n<strong>Meister Erlauftaler Hobbyliga (Saison 2004)<\/strong><\/td>\n<\/tr>\n<tr>\n<td width=\"69\">2005<\/td>\n<td width=\"684\">Turniersieg in St. Oswald<br \/>\n<strong>Meister Erlauftaler Hobbyliga (Saison 2005)<\/strong><\/td>\n<\/tr>\n<tr>\n<td width=\"69\">2014<\/td>\n<td width=\"684\">5. Platz Erlauftaler Fu\u00dfballliga (Saison 2013\/14)<\/td>\n<\/tr>\n<tr>\n<td width=\"69\">2015<\/td>\n<td width=\"684\">5. Platz Erlauftaler Fu\u00dfballliga (Saison 2014\/15)<\/td>\n<\/tr>\n<tr>\n<td width=\"69\">2016<\/td>\n<td width=\"684\">Umgr\u00fcndung der Sektion Fu\u00dfball des USV Hofamt Priel in den Zweigverein <strong>UFV Hofamt Priel<br \/>\n<\/strong>3. Platz in der 2. Liga der Melktaler Hobbyliga (Saison 2015\/16)<br \/>\n<strong>Aufstieg in die 1. Liga der MHL<\/strong><\/td>\n<\/tr>\n<tr>\n<td width=\"69\">2017<\/td>\n<td width=\"684\">5. Platz in der 1. Liga der Melktaler Hobbyliga (Saison 2016\/17)<\/td>\n<\/tr>\n<tr>\n<td width=\"69\">2018<\/td>\n<td width=\"684\">7. Platz in der 1. Liga der Melktaler Hobbyliga (Saison 2017\/18)<br \/>\n<strong>Abstieg in die 2. Liga der MHL<\/strong><\/td>\n<\/tr>\n<\/tbody>\n<\/table>\n<p>&nbsp;<\/p>\n","protected":false},"excerpt":{"rendered":"<p>Der USV Hofamt Priel verdankt sein Bestehen ein paar fu\u00dfballbegeisterten Kickern. Die Sektion wurde bereits vor \u00fcber 30 Jahren gegr\u00fcndet, n\u00e4mlich im Jahr 1979. In den darauf folgenden Jahren wurde an der Sportanlage gearbeitet und der Verein aufgebaut. Anschlie\u00dfend folgten zahlreiche Freundschaftsspiele sowie Turniere. In den 90er Jahren wurde der\u2026<\/p>\n<p class=\"continue-reading-button\"> <a class=\"continue-reading-link\" href=\"http:\/\/usvhofamtpriel.at\/?page_id=131\">mehr<i class=\"crycon-right-dir\"><\/i><\/a><\/p>\n","protected":false},"author":1,"featured_media":0,"parent":23,"menu_order":0,"comment_status":"open","ping_status":"open","template":"","meta":[],"_links":{"self":[{"href":"http:\/\/usvhofamtpriel.at\/index.php?rest_route=\/wp\/v2\/pages\/131"}],"collection":[{"href":"http:\/\/usvhofamtpriel.at\/index.php?rest_route=\/wp\/v2\/pages"}],"about":[{"href":"http:\/\/usvhofamtpriel.at\/index.php?rest_route=\/wp\/v2\/types\/page"}],"author":[{"embeddable":true,"href":"http:\/\/usvhofamtpriel.at\/index.php?rest_route=\/wp\/v2\/users\/1"}],"replies":[{"embeddable":true,"href":"http:\/\/usvhofamtpriel.at\/index.php?rest_route=%2Fwp%2Fv2%2Fcomments&post=131"}],"version-history":[{"count":24,"href":"http:\/\/usvhofamtpriel.at\/index.php?rest_route=\/wp\/v2\/pages\/131\/revisions"}],"predecessor-version":[{"id":5471,"href":"http:\/\/usvhofamtpriel.at\/index.php?rest_route=\/wp\/v2\/pages\/131\/revisions\/5471"}],"up":[{"embeddable":true,"href":"http:\/\/usvhofamtpriel.at\/index.php?rest_route=\/wp\/v2\/pages\/23"}],"wp:attachment":[{"href":"http:\/\/usvhofamtpriel.at\/index.php?rest_route=%2Fwp%2Fv2%2Fmedia&parent=131"}],"curies":[{"name":"wp","href":"https:\/\/api.w.org\/{rel}","templated":true}]}}