{"id":125,"date":"2014-04-12T20:24:27","date_gmt":"2014-04-12T18:24:27","guid":{"rendered":"http:\/\/usvhofamtpriel.at\/?page_id=125"},"modified":"2018-10-13T08:13:05","modified_gmt":"2018-10-13T06:13:05","slug":"erfolge-damen","status":"publish","type":"page","link":"http:\/\/usvhofamtpriel.at\/?page_id=125","title":{"rendered":"Chronik Damen"},"content":{"rendered":"<p>Anl\u00e4sslich der Hofamt Prieler Ferienspiele entstand im Sommer 2002 die Idee eine Damenfu\u00dfballmannschaft zu gr\u00fcnden. Ma\u00dfgeblich daran beteiligt waren unser Trainer Herbert Porranzl sowie Maria Porranzl und Rosi Koch.<\/p>\n<p>In den folgenden Jahren wurden erste Testspiele und Turniere bestritten und auch die Gr\u00f6\u00dfe des Kaders nahm zu. Um &#8211; anstelle der zahlreichen Kleinfeldturniere &#8211; einen wettkampfm\u00e4\u00dfigeren Spielbetrieb zu erreichen wurde \u00fcber Engagement unserer Mannschaft im Sommer 2007 die Damenhobbyliga Most- und Waldviertel gegr\u00fcndet. An dieser Hobbymeisterschaft nahmen wir bis zur Saison 2014\/15 teil. Zu diesem Zeitpunkt schlugen viele Damenmannschaften den Weg zum N\u00d6FV ein. Dadurch wurden wir gezwungen bei einer anderen Hobbyliga teilnzunehmen, n\u00e4mlich der Ybbstaler Hobyliga. In dieser Liga spielten wir 2 Saisonen mit und wurden abschlie\u00dfend in der Saison 2015\/16 Meister. Diese Liga l\u00f6ste sich leider nach unserer Meistersaison auch endg\u00fcltig auf, wodurch wir nach vielen Jahren nun doch auch den Schritt zum N\u00d6FV gewagt haben. Ab der Saison 2016\/17 nehmen die M\u00e4dls des UFV Hofamt Priel daher im Spielbetrieb der Joker M\u00f6bel Frauengruppe West teil.<a href=\"http:\/\/usvhofamtpriel.at\/wp-content\/uploads\/2016\/06\/IMG-20160611-WA0003-1.jpg\"><img decoding=\"async\" loading=\"lazy\" width=\"900\" height=\"506\" class=\"aligncenter wp-image-4067 size-large\" alt=\"IMG-20160611-WA0003\" src=\"http:\/\/usvhofamtpriel.at\/wp-content\/uploads\/2016\/06\/IMG-20160611-WA0003-1-1024x576.jpg\" srcset=\"http:\/\/usvhofamtpriel.at\/wp-content\/uploads\/2016\/06\/IMG-20160611-WA0003-1-1024x576.jpg 1024w, http:\/\/usvhofamtpriel.at\/wp-content\/uploads\/2016\/06\/IMG-20160611-WA0003-1-300x169.jpg 300w, http:\/\/usvhofamtpriel.at\/wp-content\/uploads\/2016\/06\/IMG-20160611-WA0003-1-768x432.jpg 768w, http:\/\/usvhofamtpriel.at\/wp-content\/uploads\/2016\/06\/IMG-20160611-WA0003-1-250x141.jpg 250w, http:\/\/usvhofamtpriel.at\/wp-content\/uploads\/2016\/06\/IMG-20160611-WA0003-1-150x84.jpg 150w, http:\/\/usvhofamtpriel.at\/wp-content\/uploads\/2016\/06\/IMG-20160611-WA0003-1-1150x647.jpg 1150w, http:\/\/usvhofamtpriel.at\/wp-content\/uploads\/2016\/06\/IMG-20160611-WA0003-1.jpg 1599w\" sizes=\"(max-width: 900px) 100vw, 900px\" \/><\/a><\/p>\n<p>&nbsp;<\/p>\n<table>\n<tbody>\n<tr>\n<td width=\"69\">2002<\/td>\n<td width=\"684\">Gr\u00fcndung der Damenmannschaft USV Hofamt Priel im Juli 2002<\/td>\n<\/tr>\n<tr>\n<td width=\"69\">2003<\/td>\n<td width=\"684\">Erstes Match gegen die Damenmannschaft aus Dorfstetten<\/td>\n<\/tr>\n<tr>\n<td width=\"69\">2005<\/td>\n<td width=\"684\">Erster Turniersieg in Gresten<\/td>\n<\/tr>\n<tr>\n<td width=\"69\">2006<\/td>\n<td width=\"684\">Turniersieg in Hofamt Priel<\/td>\n<\/tr>\n<tr>\n<td width=\"69\">2007<\/td>\n<td width=\"684\">Turniersieg in Kirnberg<br \/>\nTurniersieg in Frankenfels<br \/>\nTurniersieg in Grabenwiesen<\/td>\n<\/tr>\n<tr>\n<td width=\"69\">2008<\/td>\n<td width=\"684\">Turniersieg Hallenturnier Red Devils in Ybbs<br \/>\n<strong>Damenhobbyliga Wintercup Sieger<\/strong><br \/>\nTurniersieg in Mauer<br \/>\n<strong>Damenhobbyliga MEISTER<\/strong> (Saison 2007\/08)<\/td>\n<\/tr>\n<tr>\n<td width=\"69\">2009<\/td>\n<td width=\"684\">2. Platz Damenhobbbyliga (Saison 2008\/09)<br \/>\nTurniersieg in K\u00f6nigswiesen<\/td>\n<\/tr>\n<tr>\n<td width=\"69\">2010<\/td>\n<td width=\"684\">3. Platz Damenhobbyliga (Saison 2009\/10)<br \/>\nTurniersieg in St. Georgen<br \/>\nTurniersieg in K\u00f6nigswiesen<\/td>\n<\/tr>\n<tr>\n<td width=\"69\">2011<\/td>\n<td width=\"684\">2. Platz Damenhobbyliga (2010\/11)<\/td>\n<\/tr>\n<tr>\n<td width=\"69\">2012<\/td>\n<td width=\"684\">Damenhobbyliga Wintercup Sieger<br \/>\n2. Platz Damenhobbyliga (Saison 2011\/12)<br \/>\nTurniersieg in Hofamt Priel<\/td>\n<\/tr>\n<tr>\n<td width=\"69\">2013<\/td>\n<td width=\"684\">2. Platz Damenhobbyliga (Saison 2012\/13)<\/td>\n<\/tr>\n<tr>\n<td width=\"69\">2014<\/td>\n<td width=\"684\">3. Platz Damenhobbyliga (Saison 2013\/14)<\/td>\n<\/tr>\n<tr>\n<td width=\"69\">2015<\/td>\n<td width=\"684\">2. Platz Damenhobbyliga Ybbstal (Saison 2014\/15)<\/td>\n<\/tr>\n<tr>\n<td width=\"69\">2016<\/td>\n<td width=\"684\">Umgr\u00fcndung der Sektion Fu\u00dfball des USV Hofamt Priel in den Zweigverein <strong>UFV Hofamt Priel<br \/>\nMEISTER Damenhobbyliga Mostviertel (Saison 2015\/16)<br \/>\nEinstieg zum N\u00d6FV &#8211; Joker M\u00f6bel Frauengruppe West<\/strong><\/td>\n<\/tr>\n<tr>\n<td width=\"69\">2017<\/td>\n<td width=\"684\">letzter Platz in der N\u00d6FV &#8211; Joker M\u00f6bel Frauengruppe West (Saison 2016\/17)<\/td>\n<\/tr>\n<tr>\n<td width=\"69\">2018<\/td>\n<td width=\"684\">vorletzter Platz in der N\u00d6FV &#8211; Joker M\u00f6bel Frauengruppe West (Saison 2017\/18)<br \/>\n<strong>Einstieg Germann-Cup<\/strong><\/td>\n<\/tr>\n<\/tbody>\n<\/table>\n<p>&nbsp;<\/p>\n","protected":false},"excerpt":{"rendered":"<p>Anl\u00e4sslich der Hofamt Prieler Ferienspiele entstand im Sommer 2002 die Idee eine Damenfu\u00dfballmannschaft zu gr\u00fcnden. Ma\u00dfgeblich daran beteiligt waren unser Trainer Herbert Porranzl sowie Maria Porranzl und Rosi Koch. In den folgenden Jahren wurden erste Testspiele und Turniere bestritten und auch die Gr\u00f6\u00dfe des Kaders nahm zu. Um &#8211; anstelle\u2026<\/p>\n<p class=\"continue-reading-button\"> <a class=\"continue-reading-link\" href=\"http:\/\/usvhofamtpriel.at\/?page_id=125\">mehr<i class=\"crycon-right-dir\"><\/i><\/a><\/p>\n","protected":false},"author":1,"featured_media":0,"parent":25,"menu_order":0,"comment_status":"open","ping_status":"open","template":"","meta":[],"_links":{"self":[{"href":"http:\/\/usvhofamtpriel.at\/index.php?rest_route=\/wp\/v2\/pages\/125"}],"collection":[{"href":"http:\/\/usvhofamtpriel.at\/index.php?rest_route=\/wp\/v2\/pages"}],"about":[{"href":"http:\/\/usvhofamtpriel.at\/index.php?rest_route=\/wp\/v2\/types\/page"}],"author":[{"embeddable":true,"href":"http:\/\/usvhofamtpriel.at\/index.php?rest_route=\/wp\/v2\/users\/1"}],"replies":[{"embeddable":true,"href":"http:\/\/usvhofamtpriel.at\/index.php?rest_route=%2Fwp%2Fv2%2Fcomments&post=125"}],"version-history":[{"count":27,"href":"http:\/\/usvhofamtpriel.at\/index.php?rest_route=\/wp\/v2\/pages\/125\/revisions"}],"predecessor-version":[{"id":5470,"href":"http:\/\/usvhofamtpriel.at\/index.php?rest_route=\/wp\/v2\/pages\/125\/revisions\/5470"}],"up":[{"embeddable":true,"href":"http:\/\/usvhofamtpriel.at\/index.php?rest_route=\/wp\/v2\/pages\/25"}],"wp:attachment":[{"href":"http:\/\/usvhofamtpriel.at\/index.php?rest_route=%2Fwp%2Fv2%2Fmedia&parent=125"}],"curies":[{"name":"wp","href":"https:\/\/api.w.org\/{rel}","templated":true}]}}