{"id":11,"date":"2014-04-06T12:41:08","date_gmt":"2014-04-06T10:41:08","guid":{"rendered":"http:\/\/usvhofamtpriel.at\/?page_id=11"},"modified":"2016-07-05T18:09:32","modified_gmt":"2016-07-05T16:09:32","slug":"ueber-den-usv","status":"publish","type":"page","link":"http:\/\/usvhofamtpriel.at\/?page_id=11","title":{"rendered":"\u00dcber den USV"},"content":{"rendered":"<ul class=\"thumbnails\" style=\"width: 100%;\">\n<li>\n<a title=\"Sportfest 2016\" href=\"http:\/\/usvhofamtpriel.at\/?p=4182\"><img decoding=\"async\" loading=\"lazy\" width=\"214\" height=\"300\" class=\"attachment-medium size-medium wp-post-image\" alt=\"sportfest16\" src=\"http:\/\/usvhofamtpriel.at\/wp-content\/uploads\/2016\/06\/sportfest16-214x300.jpg\" sizes=\"(max-width: 214px) 100vw, 214px\" srcset=\"http:\/\/usvhofamtpriel.at\/wp-content\/uploads\/2016\/06\/sportfest16-214x300.jpg 214w, http:\/\/usvhofamtpriel.at\/wp-content\/uploads\/2016\/06\/sportfest16-107x150.jpg 107w, http:\/\/usvhofamtpriel.at\/wp-content\/uploads\/2016\/06\/sportfest16.jpg 622w\"><\/a><\/p>\n<h5><a href=\"http:\/\/usvhofamtpriel.at\/?p=4182\">Sportfest 2016<\/a><\/h5>\n<p>Das allj\u00e4hrliche Sportfest des USV Hofamt Priel steht vor der T\u00fcr. Auch heuer bietet der USV wieder ein tolles Rahmenprogramm: Freitag, 15. Juli 2016 \u2013 17:00 Uhr Jugendspiel \u2013 19:00 Uhr SV GMP \u2013 ASK Ybbs \u2013 21:00 Uhr Fester\u00f6ffnung und Livemusik: Die Mostlandst\u00fcrmer Eintritt 6\u20ac (ab 20:00 Uhr!) ab \u2026 mehr&#8230;\n<\/li>\n<\/ul>\n<ul class=\"thumbnails\" style=\"width: 100%;\">\n<li>\n<a title=\"*** NEW YEAH ***\" href=\"http:\/\/usvhofamtpriel.at\/?p=3604\"><img decoding=\"async\" loading=\"lazy\" width=\"212\" height=\"300\" class=\"attachment-medium size-medium wp-post-image\" alt=\"newyeah-01\" src=\"http:\/\/usvhofamtpriel.at\/wp-content\/uploads\/2015\/12\/newyeah-01-212x300.png\" sizes=\"(max-width: 212px) 100vw, 212px\" srcset=\"http:\/\/usvhofamtpriel.at\/wp-content\/uploads\/2015\/12\/newyeah-01-212x300.png 212w, http:\/\/usvhofamtpriel.at\/wp-content\/uploads\/2015\/12\/newyeah-01-724x1024.png 724w, http:\/\/usvhofamtpriel.at\/wp-content\/uploads\/2015\/12\/newyeah-01-106x150.png 106w, http:\/\/usvhofamtpriel.at\/wp-content\/uploads\/2015\/12\/newyeah-01-1060x1499.png 1060w, http:\/\/usvhofamtpriel.at\/wp-content\/uploads\/2015\/12\/newyeah-01.png 1240w\"><\/a><\/p>\n<h5><a href=\"http:\/\/usvhofamtpriel.at\/?p=3604\">*** NEW YEAH ***<\/a><\/h5>\n<p>Keine Lust auf das allj\u00e4hrliche Silvester \u201ezaum sitzen\u201c? Sorgt mit uns f\u00fcr einen unvergesslichen Start ins Jahr 2016! Wir, die USV Party Crew, schmei\u00dfen am 31.12. eine fette Party! AB 18.00 UHR WARM-UP Bei Feuerkorb, Nagelstock und co. starten wir gem\u00fctlich in die Nacht Punsch- und Gl\u00fchweinh\u00fctte Seidl- und Desperadosh\u00fctte \u2026 mehr&#8230;\n<\/li>\n<\/ul>\n<ul class=\"thumbnails\" style=\"width: 100%;\">\n<li>\n<a title=\"Sportfest 2015\" href=\"http:\/\/usvhofamtpriel.at\/?p=3032\"><img decoding=\"async\" loading=\"lazy\" width=\"300\" height=\"241\" class=\"attachment-medium size-medium wp-post-image\" alt=\"USV Sportfest\" src=\"http:\/\/usvhofamtpriel.at\/wp-content\/uploads\/2015\/06\/USV-Sportfest-300x241.png\" sizes=\"(max-width: 300px) 100vw, 300px\" srcset=\"http:\/\/usvhofamtpriel.at\/wp-content\/uploads\/2015\/06\/USV-Sportfest-300x241.png 300w, http:\/\/usvhofamtpriel.at\/wp-content\/uploads\/2015\/06\/USV-Sportfest-187x150.png 187w, http:\/\/usvhofamtpriel.at\/wp-content\/uploads\/2015\/06\/USV-Sportfest-150x121.png 150w, http:\/\/usvhofamtpriel.at\/wp-content\/uploads\/2015\/06\/USV-Sportfest.png 596w\"><\/a><\/p>\n<h5><a href=\"http:\/\/usvhofamtpriel.at\/?p=3032\">Sportfest 2015<\/a><\/h5>\n<p>Das diesj\u00e4hrige Sportfest findet von 17. bis 19. Juli auf der Sportanlage des USV Hofamt Priel statt. Auch heuer wird wieder ein tolles Rahmenprogramm angeboten. F\u00fcr das leibliche Wohl und gute Unterhaltung wird wie immer bestens gesorgt. Infos gibt\u2019s auch auf Facebook. Der USV freut sich auf euch! &nbsp;&#8230;\n<\/li>\n<\/ul>\n<ul class=\"thumbnails\" style=\"width: 100%;\">\n<li>\n<a title=\"Sportfest des USV Hofamt Priel\" href=\"http:\/\/usvhofamtpriel.at\/?p=2880\"><img decoding=\"async\" loading=\"lazy\" width=\"300\" height=\"241\" class=\"attachment-medium size-medium wp-post-image\" alt=\"USV Sportfest\" src=\"http:\/\/usvhofamtpriel.at\/wp-content\/uploads\/2015\/06\/USV-Sportfest-300x241.png\" sizes=\"(max-width: 300px) 100vw, 300px\" srcset=\"http:\/\/usvhofamtpriel.at\/wp-content\/uploads\/2015\/06\/USV-Sportfest-300x241.png 300w, http:\/\/usvhofamtpriel.at\/wp-content\/uploads\/2015\/06\/USV-Sportfest-187x150.png 187w, http:\/\/usvhofamtpriel.at\/wp-content\/uploads\/2015\/06\/USV-Sportfest-150x121.png 150w, http:\/\/usvhofamtpriel.at\/wp-content\/uploads\/2015\/06\/USV-Sportfest.png 596w\"><\/a><\/p>\n<h5><a href=\"http:\/\/usvhofamtpriel.at\/?p=2880\">Sportfest des USV Hofamt Priel<\/a><\/h5>\n<p>Das diesj\u00e4hrige Sportfest findet von 17. bis 19. Juli auf der Sportanlage des USV Hofamt Priel statt. F\u00fcr das leibliche Wohl und gute Unterhaltung wird wie immer&nbsp;bestens gesorgt. Infos gibt\u2019s auch auf Facebook. Der USV freut sich auf euch!&#8230;\n<\/li>\n<\/ul>\n<ul class=\"thumbnails\" style=\"width: 100%;\">\n<li>\n<a title=\"Neuer Obmann f\u00fcr den USV!\" href=\"http:\/\/usvhofamtpriel.at\/?p=2730\"><img decoding=\"async\" loading=\"lazy\" width=\"300\" height=\"225\" class=\"attachment-medium size-medium wp-post-image\" alt=\"k-P1040959\" src=\"http:\/\/usvhofamtpriel.at\/wp-content\/uploads\/2015\/03\/k-P1040959-300x225.jpg\" sizes=\"(max-width: 300px) 100vw, 300px\" srcset=\"http:\/\/usvhofamtpriel.at\/wp-content\/uploads\/2015\/03\/k-P1040959-300x225.jpg 300w, http:\/\/usvhofamtpriel.at\/wp-content\/uploads\/2015\/03\/k-P1040959-200x150.jpg 200w, http:\/\/usvhofamtpriel.at\/wp-content\/uploads\/2015\/03\/k-P1040959-150x113.jpg 150w, http:\/\/usvhofamtpriel.at\/wp-content\/uploads\/2015\/03\/k-P1040959.jpg 800w\"><\/a><\/p>\n<h5><a href=\"http:\/\/usvhofamtpriel.at\/?p=2730\">Neuer Obmann f\u00fcr den USV!<\/a><\/h5>\n<p>Unser langj\u00e4hriger Obmann Josef Baumberger trat am 7.3.2015 bei der Ausschusssitzung zur\u00fcck und stellte das Amt des Obmannes seinem jungen Nachfolger Lukas Bachinger zur Verf\u00fcgung. Die Abstimmung f\u00fcr den neuen Obmann des USV wurde von Herrn B\u00fcrgermeister Friedrich Buchberger geleitet, herzlichen Dank daf\u00fcr. Nach \u00fcber 30-j\u00e4hriger T\u00e4tigkeit als Obmann des \u2026 mehr&#8230;\n<\/li>\n<\/ul>\n<ul class=\"thumbnails\" style=\"width: 100%;\">\n<li>\n<a title=\"Gelungenes Weihnachtskonzert der Edlseer\" href=\"http:\/\/usvhofamtpriel.at\/?p=2481\"><img decoding=\"async\" loading=\"lazy\" width=\"300\" height=\"198\" class=\"attachment-medium size-medium wp-post-image\" alt=\"edlseer_widget_r\u00fcckblick\" src=\"http:\/\/usvhofamtpriel.at\/wp-content\/uploads\/2014\/12\/edlseer_widget_r\u00fcckblick-300x198.jpg\" sizes=\"(max-width: 300px) 100vw, 300px\" srcset=\"http:\/\/usvhofamtpriel.at\/wp-content\/uploads\/2014\/12\/edlseer_widget_r\u00fcckblick-300x198.jpg 300w, http:\/\/usvhofamtpriel.at\/wp-content\/uploads\/2014\/12\/edlseer_widget_r\u00fcckblick-227x150.jpg 227w, http:\/\/usvhofamtpriel.at\/wp-content\/uploads\/2014\/12\/edlseer_widget_r\u00fcckblick-150x99.jpg 150w, http:\/\/usvhofamtpriel.at\/wp-content\/uploads\/2014\/12\/edlseer_widget_r\u00fcckblick-318x210.jpg 318w, http:\/\/usvhofamtpriel.at\/wp-content\/uploads\/2014\/12\/edlseer_widget_r\u00fcckblick.jpg 1024w\"><\/a><\/p>\n<h5><a href=\"http:\/\/usvhofamtpriel.at\/?p=2481\">Gelungenes Weihnachtskonzert der Edlseer<\/a><\/h5>\n<p>Leise rieselt der Schnee. Feliz Navidad. Ave Maria. Beim USV Hofamt Priel herrscht sp\u00e4testens seit dem schwungvoll ruhigen Konzert von DIE EDLSEER Weihnachtsstimmung. Erstmals lud der Sportverein zu einem Weihnachtskonzert auf die neu ausgebaute Sportanlage. Das Konzert ging am 6. Dezember \u00fcber die B\u00fchne und wurde toll vom Publikum angenommen. \u2026 mehr&#8230;\n<\/li>\n<\/ul>\n<ul class=\"thumbnails\" style=\"width: 100%;\">\n<li>\n<a title=\"NICHT VERGESSEN: Die Edlseer kommen nach Hofamt Priel!\" href=\"http:\/\/usvhofamtpriel.at\/?p=2465\"><img decoding=\"async\" loading=\"lazy\" width=\"300\" height=\"198\" class=\"attachment-medium size-medium wp-post-image\" alt=\"widget edlseer\" src=\"http:\/\/usvhofamtpriel.at\/wp-content\/uploads\/2014\/07\/widget-edlseer-300x198.png\" sizes=\"(max-width: 300px) 100vw, 300px\" srcset=\"http:\/\/usvhofamtpriel.at\/wp-content\/uploads\/2014\/07\/widget-edlseer-300x198.png 300w, http:\/\/usvhofamtpriel.at\/wp-content\/uploads\/2014\/07\/widget-edlseer-1024x676.png 1024w, http:\/\/usvhofamtpriel.at\/wp-content\/uploads\/2014\/07\/widget-edlseer-227x150.png 227w, http:\/\/usvhofamtpriel.at\/wp-content\/uploads\/2014\/07\/widget-edlseer-150x99.png 150w, http:\/\/usvhofamtpriel.at\/wp-content\/uploads\/2014\/07\/widget-edlseer-318x210.png 318w, http:\/\/usvhofamtpriel.at\/wp-content\/uploads\/2014\/07\/widget-edlseer.png 1325w\"><\/a><\/p>\n<h5><a href=\"http:\/\/usvhofamtpriel.at\/?p=2465\">NICHT VERGESSEN: Die Edlseer kommen nach Hofamt Priel!<\/a><\/h5>\n<p>&nbsp; Am Samstag, dem 6.12.2014 findet das exklusive Weihnachtskonzert der Edlseer in der Veranstaltungshalle des USV Hofamt Priel statt. Sichert euch noch schnell die letzten Vorverkaufskarten! &nbsp;&#8230;\n<\/li>\n<\/ul>\n<ul class=\"thumbnails\" style=\"width: 100%;\">\n<li>\n<a title=\"Das war das SPORTFEST 2014!\" href=\"http:\/\/usvhofamtpriel.at\/?p=1781\"><img decoding=\"async\" loading=\"lazy\" width=\"300\" height=\"225\" class=\"attachment-medium size-medium wp-post-image\" alt=\"Sportfest21\" src=\"http:\/\/usvhofamtpriel.at\/wp-content\/uploads\/2014\/08\/Sportfest21-300x225.jpg\" sizes=\"(max-width: 300px) 100vw, 300px\" srcset=\"http:\/\/usvhofamtpriel.at\/wp-content\/uploads\/2014\/08\/Sportfest21-300x225.jpg 300w, http:\/\/usvhofamtpriel.at\/wp-content\/uploads\/2014\/08\/Sportfest21-1024x768.jpg 1024w, http:\/\/usvhofamtpriel.at\/wp-content\/uploads\/2014\/08\/Sportfest21-200x150.jpg 200w, http:\/\/usvhofamtpriel.at\/wp-content\/uploads\/2014\/08\/Sportfest21-150x112.jpg 150w, http:\/\/usvhofamtpriel.at\/wp-content\/uploads\/2014\/08\/Sportfest21.jpg 1280w\"><\/a><\/p>\n<h5><a href=\"http:\/\/usvhofamtpriel.at\/?p=1781\">Das war das SPORTFEST 2014!<\/a><\/h5>\n<p>Heuer fand&nbsp;bereits das 25. Sportfest des USV Hofamt Priel statt. Am Freitag fand wieder das traditionelle Freundschaftsmatch zwischen dem SV Gottsdorf Marbach Persenbeug und dem ASK Ybbs statt. Dieses konnten heuer die Gottsdorfer 1:0 durch einen Treffer von Sascha Becksteiner f\u00fcr sich entscheiden. Am Samstag fand das gro\u00dfe Kleinfeldturnier, die \u2026 mehr&#8230;\n<\/li>\n<\/ul>\n<ul class=\"thumbnails\" style=\"width: 100%;\">\n<li>\n<a title=\"Sportfest 2014\" href=\"http:\/\/usvhofamtpriel.at\/?p=1730\"><img decoding=\"async\" loading=\"lazy\" width=\"214\" height=\"300\" class=\"attachment-medium size-medium wp-post-image\" alt=\"Plakat_Sportfest_2014\" src=\"http:\/\/usvhofamtpriel.at\/wp-content\/uploads\/2014\/04\/Plakat_Sportfest_2014-214x300.jpg\" sizes=\"(max-width: 214px) 100vw, 214px\" srcset=\"http:\/\/usvhofamtpriel.at\/wp-content\/uploads\/2014\/04\/Plakat_Sportfest_2014-214x300.jpg 214w, http:\/\/usvhofamtpriel.at\/wp-content\/uploads\/2014\/04\/Plakat_Sportfest_2014-107x150.jpg 107w, http:\/\/usvhofamtpriel.at\/wp-content\/uploads\/2014\/04\/Plakat_Sportfest_2014.jpg 666w\"><\/a><\/p>\n<h5><a href=\"http:\/\/usvhofamtpriel.at\/?p=1730\">Sportfest 2014<\/a><\/h5>\n<p>Freitag, 18. Juli 2014 17.00 Uhr: Jugendspiel 19.00 Uhr: SV Gottsdorf Marbach Persenbeug gegen ASK Ybbs 20.30 Uhr: Fester\u00f6ffnung mit Bieranstich durch Herrn B\u00fcrgermeister Friedrich Buchberger anschlie\u00dfend Tanzmusik mit \u201eNordwand\u201c ab 20:00 Uhr Eintritt: 5,- Euro Samstag, 19. Juli 2014 11.00 Uhr: Kleinfeldturnier 20.30 Uhr: Unterhaltung mit der Coverband \u201eDie \u2026 mehr&#8230;\n<\/li>\n<\/ul>\n<ol class=\"carousel-indicators\">\n<li class=\"active\" data-slide-to=\"0\" data-target=\"#myCarouselpe_recent_posts-1\"><\/li>\n<li data-slide-to=\"1\" data-target=\"#myCarouselpe_recent_posts-1\"><\/li>\n<li data-slide-to=\"2\" data-target=\"#myCarouselpe_recent_posts-1\"><\/li>\n<\/ol>\n","protected":false},"excerpt":{"rendered":"<p>Sportfest 2016 Das allj\u00e4hrliche Sportfest des USV Hofamt Priel steht vor der T\u00fcr. Auch heuer bietet der USV wieder ein tolles Rahmenprogramm: Freitag, 15. Juli 2016 \u2013 17:00 Uhr Jugendspiel \u2013 19:00 Uhr SV GMP \u2013 ASK Ybbs \u2013 21:00 Uhr Fester\u00f6ffnung und Livemusik: Die Mostlandst\u00fcrmer Eintritt 6\u20ac (ab 20:00\u2026<\/p>\n<p class=\"continue-reading-button\"> <a class=\"continue-reading-link\" href=\"http:\/\/usvhofamtpriel.at\/?page_id=11\">mehr<i class=\"crycon-right-dir\"><\/i><\/a><\/p>\n","protected":false},"author":1,"featured_media":0,"parent":0,"menu_order":0,"comment_status":"open","ping_status":"open","template":"","meta":[],"_links":{"self":[{"href":"http:\/\/usvhofamtpriel.at\/index.php?rest_route=\/wp\/v2\/pages\/11"}],"collection":[{"href":"http:\/\/usvhofamtpriel.at\/index.php?rest_route=\/wp\/v2\/pages"}],"about":[{"href":"http:\/\/usvhofamtpriel.at\/index.php?rest_route=\/wp\/v2\/types\/page"}],"author":[{"embeddable":true,"href":"http:\/\/usvhofamtpriel.at\/index.php?rest_route=\/wp\/v2\/users\/1"}],"replies":[{"embeddable":true,"href":"http:\/\/usvhofamtpriel.at\/index.php?rest_route=%2Fwp%2Fv2%2Fcomments&post=11"}],"version-history":[{"count":7,"href":"http:\/\/usvhofamtpriel.at\/index.php?rest_route=\/wp\/v2\/pages\/11\/revisions"}],"predecessor-version":[{"id":4228,"href":"http:\/\/usvhofamtpriel.at\/index.php?rest_route=\/wp\/v2\/pages\/11\/revisions\/4228"}],"wp:attachment":[{"href":"http:\/\/usvhofamtpriel.at\/index.php?rest_route=%2Fwp%2Fv2%2Fmedia&parent=11"}],"curies":[{"name":"wp","href":"https:\/\/api.w.org\/{rel}","templated":true}]}}